{"id":18888,"date":"2026-03-13T10:06:23","date_gmt":"2026-03-13T16:06:23","guid":{"rendered":"https:\/\/fastdolphin.com\/?page_id=18888"},"modified":"2026-03-31T02:32:27","modified_gmt":"2026-03-31T08:32:27","slug":"compromiso-con-el-mundo","status":"publish","type":"page","link":"https:\/\/fastdolphin.com\/es\/compromiso-con-el-mundo\/","title":{"rendered":"EN Social Commitment"},"content":{"rendered":"<div data-elementor-type=\"wp-page\" data-elementor-id=\"18888\" class=\"elementor elementor-18888\" data-elementor-post-type=\"page\">\n\t\t\t\t\t\t<section class=\"elementor-section elementor-top-section elementor-element elementor-element-7437c31 elementor-section-stretched elementor-section-boxed elementor-section-height-default elementor-section-height-default\" data-id=\"7437c31\" data-element_type=\"section\" data-e-type=\"section\" data-settings=\"{&quot;background_background&quot;:&quot;classic&quot;,&quot;shape_divider_top&quot;:&quot;tilt&quot;,&quot;shape_divider_bottom&quot;:&quot;tilt&quot;,&quot;stretch_section&quot;:&quot;section-stretched&quot;}\">\n\t\t\t\t\t<div class=\"elementor-shape elementor-shape-top\" aria-hidden=\"true\" data-negative=\"false\">\n\t\t\t<svg xmlns=\"http:\/\/www.w3.org\/2000\/svg\" viewbox=\"0 0 1000 100\" preserveaspectratio=\"none\">\n\t<path class=\"elementor-shape-fill\" d=\"M0,6V0h1000v100L0,6z\"\/>\n<\/svg>\t\t<\/div>\n\t\t\t\t<div class=\"elementor-shape elementor-shape-bottom\" aria-hidden=\"true\" data-negative=\"false\">\n\t\t\t<svg xmlns=\"http:\/\/www.w3.org\/2000\/svg\" viewbox=\"0 0 1000 100\" preserveaspectratio=\"none\">\n\t<path class=\"elementor-shape-fill\" d=\"M0,6V0h1000v100L0,6z\"\/>\n<\/svg>\t\t<\/div>\n\t\t\t\t\t<div class=\"elementor-container elementor-column-gap-default\">\n\t\t\t\t\t<div class=\"elementor-column elementor-col-100 elementor-top-column elementor-element elementor-element-c38125c\" data-id=\"c38125c\" data-element_type=\"column\" data-e-type=\"column\">\n\t\t\t<div class=\"elementor-widget-wrap elementor-element-populated\">\n\t\t\t\t\t\t<div class=\"elementor-element elementor-element-301d39b elementor-widget elementor-widget-heading\" data-id=\"301d39b\" data-element_type=\"widget\" data-e-type=\"widget\" data-widget_type=\"heading.default\">\n\t\t\t\t<div class=\"elementor-widget-container\">\n\t\t\t\t\t<h1 class=\"elementor-heading-title elementor-size-default\">Compromiso SOCIAL<\/h1>\t\t\t\t<\/div>\n\t\t\t\t<\/div>\n\t\t\t\t\t<\/div>\n\t\t<\/div>\n\t\t\t\t\t<\/div>\n\t\t<\/section>\n\t\t\t\t<section class=\"elementor-section elementor-top-section elementor-element elementor-element-f959c37 elementor-section-boxed elementor-section-height-default elementor-section-height-default\" data-id=\"f959c37\" data-element_type=\"section\" data-e-type=\"section\">\n\t\t\t\t\t\t<div class=\"elementor-container elementor-column-gap-default\">\n\t\t\t\t\t<div class=\"elementor-column elementor-col-33 elementor-top-column elementor-element elementor-element-9556b81\" data-id=\"9556b81\" data-element_type=\"column\" data-e-type=\"column\">\n\t\t\t<div class=\"elementor-widget-wrap elementor-element-populated\">\n\t\t\t\t\t\t<div class=\"elementor-element elementor-element-c463e63 elementor-widget elementor-widget-image\" data-id=\"c463e63\" data-element_type=\"widget\" data-e-type=\"widget\" data-widget_type=\"image.default\">\n\t\t\t\t<div class=\"elementor-widget-container\">\n\t\t\t\t\t\t\t\t\t\t\t\t\t\t\t<img fetchpriority=\"high\" decoding=\"async\" width=\"323\" height=\"323\" src=\"https:\/\/fastdolphin.com\/wp-content\/uploads\/2026\/03\/FAST-DOLPHIN-Social-Commitment-Sustainable-Development.png\" class=\"attachment-large size-large wp-image-18899\" alt=\"\" data-id=\"18899\" \/>\t\t\t\t\t\t\t\t\t\t\t\t\t\t\t<\/div>\n\t\t\t\t<\/div>\n\t\t\t\t\t<\/div>\n\t\t<\/div>\n\t\t\t\t<div class=\"elementor-column elementor-col-66 elementor-top-column elementor-element elementor-element-c7436bd\" data-id=\"c7436bd\" data-element_type=\"column\" data-e-type=\"column\">\n\t\t\t<div class=\"elementor-widget-wrap elementor-element-populated\">\n\t\t\t\t\t\t<div class=\"elementor-element elementor-element-77c7a91 elementor-widget elementor-widget-heading\" data-id=\"77c7a91\" data-element_type=\"widget\" data-e-type=\"widget\" data-widget_type=\"heading.default\">\n\t\t\t\t<div class=\"elementor-widget-container\">\n\t\t\t\t\t<h2 class=\"elementor-heading-title elementor-size-default\">Talento cambiando<\/h2>\t\t\t\t<\/div>\n\t\t\t\t<\/div>\n\t\t\t\t<div class=\"elementor-element elementor-element-2db4df0 elementor-widget elementor-widget-heading\" data-id=\"2db4df0\" data-element_type=\"widget\" data-e-type=\"widget\" data-widget_type=\"heading.default\">\n\t\t\t\t<div class=\"elementor-widget-container\">\n\t\t\t\t\t<h1 class=\"elementor-heading-title elementor-size-default\">el mundo<\/h1>\t\t\t\t<\/div>\n\t\t\t\t<\/div>\n\t\t\t\t<div class=\"elementor-element elementor-element-c2dbbaa elementor-widget elementor-widget-text-editor\" data-id=\"c2dbbaa\" data-element_type=\"widget\" data-e-type=\"widget\" data-widget_type=\"text-editor.default\">\n\t\t\t\t<div class=\"elementor-widget-container\">\n\t\t\t\t\t\t\t\t\t<p>La forma en que trabajamos juntos es tan importante como el trabajo que realizamos. Impulsados por nuestra cultura, trabajamos en beneficio de la sociedad. Nuestra visi\u00f3n reconoce y asume la contribuci\u00f3n que debemos aportar para marcar una diferencia significativa en el desarrollo sostenible del mundo.<\/p>\t\t\t\t\t\t\t\t<\/div>\n\t\t\t\t<\/div>\n\t\t\t\t\t<\/div>\n\t\t<\/div>\n\t\t\t\t\t<\/div>\n\t\t<\/section>\n\t\t\t\t<section class=\"elementor-section elementor-top-section elementor-element elementor-element-bf6858d elementor-section-stretched elementor-section-boxed elementor-section-height-default elementor-section-height-default\" data-id=\"bf6858d\" data-element_type=\"section\" data-e-type=\"section\" data-settings=\"{&quot;background_background&quot;:&quot;classic&quot;,&quot;shape_divider_top&quot;:&quot;tilt&quot;,&quot;shape_divider_bottom&quot;:&quot;tilt&quot;,&quot;stretch_section&quot;:&quot;section-stretched&quot;}\">\n\t\t\t\t\t<div class=\"elementor-shape elementor-shape-top\" aria-hidden=\"true\" data-negative=\"false\">\n\t\t\t<svg xmlns=\"http:\/\/www.w3.org\/2000\/svg\" viewbox=\"0 0 1000 100\" preserveaspectratio=\"none\">\n\t<path class=\"elementor-shape-fill\" d=\"M0,6V0h1000v100L0,6z\"\/>\n<\/svg>\t\t<\/div>\n\t\t\t\t<div class=\"elementor-shape elementor-shape-bottom\" aria-hidden=\"true\" data-negative=\"false\">\n\t\t\t<svg xmlns=\"http:\/\/www.w3.org\/2000\/svg\" viewbox=\"0 0 1000 100\" preserveaspectratio=\"none\">\n\t<path class=\"elementor-shape-fill\" d=\"M0,6V0h1000v100L0,6z\"\/>\n<\/svg>\t\t<\/div>\n\t\t\t\t\t<div class=\"elementor-container elementor-column-gap-default\">\n\t\t\t\t\t<div class=\"elementor-column elementor-col-100 elementor-top-column elementor-element elementor-element-588317f\" data-id=\"588317f\" data-element_type=\"column\" data-e-type=\"column\">\n\t\t\t<div class=\"elementor-widget-wrap elementor-element-populated\">\n\t\t\t\t\t\t<div class=\"elementor-element elementor-element-d8de968 elementor-widget elementor-widget-heading\" data-id=\"d8de968\" data-element_type=\"widget\" data-e-type=\"widget\" data-widget_type=\"heading.default\">\n\t\t\t\t<div class=\"elementor-widget-container\">\n\t\t\t\t\t<h2 class=\"elementor-heading-title elementor-size-default\">En Fast Dolphin, hemos asumido voluntariamente ciertos compromisos \u00e9ticos y sociales que van m\u00e1s all\u00e1 de las obligaciones legales. Al mismo tiempo, desarrollamos planes estrat\u00e9gicos para el funcionamiento de la empresa que basan sus esfuerzos en el equilibrio de la triple cuenta de resultados, dando prioridad a los intereses de todas las partes interesadas.<\/h2>\t\t\t\t<\/div>\n\t\t\t\t<\/div>\n\t\t\t\t\t<\/div>\n\t\t<\/div>\n\t\t\t\t\t<\/div>\n\t\t<\/section>\n\t\t\t\t<section class=\"elementor-section elementor-top-section elementor-element elementor-element-11d3fab elementor-section-stretched elementor-section-boxed elementor-section-height-default elementor-section-height-default\" data-id=\"11d3fab\" data-element_type=\"section\" data-e-type=\"section\" data-settings=\"{&quot;background_background&quot;:&quot;classic&quot;,&quot;stretch_section&quot;:&quot;section-stretched&quot;}\">\n\t\t\t\t\t\t\t<div class=\"elementor-background-overlay\"><\/div>\n\t\t\t\t\t\t\t<div class=\"elementor-container elementor-column-gap-default\">\n\t\t\t\t\t<div class=\"elementor-column elementor-col-100 elementor-top-column elementor-element elementor-element-b6b7bbc\" data-id=\"b6b7bbc\" data-element_type=\"column\" data-e-type=\"column\">\n\t\t\t<div class=\"elementor-widget-wrap elementor-element-populated\">\n\t\t\t\t\t\t<div class=\"elementor-element elementor-element-5ef8d15 elementor-widget elementor-widget-heading\" data-id=\"5ef8d15\" data-element_type=\"widget\" data-e-type=\"widget\" data-widget_type=\"heading.default\">\n\t\t\t\t<div class=\"elementor-widget-container\">\n\t\t\t\t\t<h2 class=\"elementor-heading-title elementor-size-default\">Siempre asumimos tres grandes compromisos<\/h2>\t\t\t\t<\/div>\n\t\t\t\t<\/div>\n\t\t\t\t<section class=\"elementor-section elementor-inner-section elementor-element elementor-element-4946314 elementor-section-boxed elementor-section-height-default elementor-section-height-default\" data-id=\"4946314\" data-element_type=\"section\" data-e-type=\"section\">\n\t\t\t\t\t\t<div class=\"elementor-container elementor-column-gap-default\">\n\t\t\t\t\t<div class=\"elementor-column elementor-col-50 elementor-inner-column elementor-element elementor-element-6b962dc\" data-id=\"6b962dc\" data-element_type=\"column\" data-e-type=\"column\">\n\t\t\t<div class=\"elementor-widget-wrap elementor-element-populated\">\n\t\t\t\t\t\t<div class=\"elementor-element elementor-element-998a42f elementor-widget elementor-widget-image\" data-id=\"998a42f\" data-element_type=\"widget\" data-e-type=\"widget\" data-widget_type=\"image.default\">\n\t\t\t\t<div class=\"elementor-widget-container\">\n\t\t\t\t\t\t\t\t\t\t\t\t\t\t\t<img decoding=\"async\" width=\"130\" height=\"130\" src=\"https:\/\/fastdolphin.com\/wp-content\/uploads\/2026\/03\/FAST-DOLPHIN-Social-Commitment-ODS-8-1.png\" class=\"attachment-large size-large wp-image-18935\" alt=\"\" data-id=\"18935\" \/>\t\t\t\t\t\t\t\t\t\t\t\t\t\t\t<\/div>\n\t\t\t\t<\/div>\n\t\t\t\t\t<\/div>\n\t\t<\/div>\n\t\t\t\t<div class=\"elementor-column elementor-col-50 elementor-inner-column elementor-element elementor-element-b6a8e48\" data-id=\"b6a8e48\" data-element_type=\"column\" data-e-type=\"column\">\n\t\t\t<div class=\"elementor-widget-wrap elementor-element-populated\">\n\t\t\t\t\t\t<div class=\"elementor-element elementor-element-67f490c elementor-align-left elementor-widget elementor-widget-button\" data-id=\"67f490c\" data-element_type=\"widget\" data-e-type=\"widget\" data-widget_type=\"button.default\">\n\t\t\t\t<div class=\"elementor-widget-container\">\n\t\t\t\t\t\t\t\t\t<div class=\"elementor-button-wrapper\">\n\t\t\t\t\t<a class=\"elementor-button elementor-button-link elementor-size-sm\" href=\"https:\/\/www.un.org\/sustainabledevelopment\/economic-growth\/\">\n\t\t\t\t\t\t<span class=\"elementor-button-content-wrapper\">\n\t\t\t\t\t\t\t\t\t<span class=\"elementor-button-text\">Trabajo digno y crecimiento econ\u00f3mico<\/span>\n\t\t\t\t\t<\/span>\n\t\t\t\t\t<\/a>\n\t\t\t\t<\/div>\n\t\t\t\t\t\t\t\t<\/div>\n\t\t\t\t<\/div>\n\t\t\t\t<div class=\"elementor-element elementor-element-791f715 elementor-widget elementor-widget-text-editor\" data-id=\"791f715\" data-element_type=\"widget\" data-e-type=\"widget\" data-widget_type=\"text-editor.default\">\n\t\t\t\t<div class=\"elementor-widget-container\">\n\t\t\t\t\t\t\t\t\t<p>Un crecimiento econ\u00f3mico sostenido e inclusivo puede impulsar el progreso, crear puestos de trabajo de calidad para todos y mejorar el nivel de vida.<\/p>\t\t\t\t\t\t\t\t<\/div>\n\t\t\t\t<\/div>\n\t\t\t\t\t<\/div>\n\t\t<\/div>\n\t\t\t\t\t<\/div>\n\t\t<\/section>\n\t\t\t\t<section class=\"elementor-section elementor-inner-section elementor-element elementor-element-902ec78 elementor-section-boxed elementor-section-height-default elementor-section-height-default\" data-id=\"902ec78\" data-element_type=\"section\" data-e-type=\"section\">\n\t\t\t\t\t\t<div class=\"elementor-container elementor-column-gap-default\">\n\t\t\t\t\t<div class=\"elementor-column elementor-col-50 elementor-inner-column elementor-element elementor-element-422af86\" data-id=\"422af86\" data-element_type=\"column\" data-e-type=\"column\">\n\t\t\t<div class=\"elementor-widget-wrap elementor-element-populated\">\n\t\t\t\t\t\t<div class=\"elementor-element elementor-element-24c2032 elementor-widget elementor-widget-image\" data-id=\"24c2032\" data-element_type=\"widget\" data-e-type=\"widget\" data-widget_type=\"image.default\">\n\t\t\t\t<div class=\"elementor-widget-container\">\n\t\t\t\t\t\t\t\t\t\t\t\t\t\t\t<img decoding=\"async\" width=\"128\" height=\"129\" src=\"https:\/\/fastdolphin.com\/wp-content\/uploads\/2026\/03\/FAST-DOLPHIN-Social-Commitment-ODS-10.png\" class=\"attachment-large size-large wp-image-18942\" alt=\"\" data-id=\"18942\" \/>\t\t\t\t\t\t\t\t\t\t\t\t\t\t\t<\/div>\n\t\t\t\t<\/div>\n\t\t\t\t\t<\/div>\n\t\t<\/div>\n\t\t\t\t<div class=\"elementor-column elementor-col-50 elementor-inner-column elementor-element elementor-element-2bc994f\" data-id=\"2bc994f\" data-element_type=\"column\" data-e-type=\"column\">\n\t\t\t<div class=\"elementor-widget-wrap elementor-element-populated\">\n\t\t\t\t\t\t<div class=\"elementor-element elementor-element-78c7396 elementor-align-left elementor-widget elementor-widget-button\" data-id=\"78c7396\" data-element_type=\"widget\" data-e-type=\"widget\" data-widget_type=\"button.default\">\n\t\t\t\t<div class=\"elementor-widget-container\">\n\t\t\t\t\t\t\t\t\t<div class=\"elementor-button-wrapper\">\n\t\t\t\t\t<a class=\"elementor-button elementor-button-link elementor-size-sm\" href=\"https:\/\/www.un.org\/sustainabledevelopment\/inequality\/\">\n\t\t\t\t\t\t<span class=\"elementor-button-content-wrapper\">\n\t\t\t\t\t\t\t\t\t<span class=\"elementor-button-text\">Reducir la desigualdad<\/span>\n\t\t\t\t\t<\/span>\n\t\t\t\t\t<\/a>\n\t\t\t\t<\/div>\n\t\t\t\t\t\t\t\t<\/div>\n\t\t\t\t<\/div>\n\t\t\t\t<div class=\"elementor-element elementor-element-c1e16d2 elementor-widget elementor-widget-text-editor\" data-id=\"c1e16d2\" data-element_type=\"widget\" data-e-type=\"widget\" data-widget_type=\"text-editor.default\">\n\t\t\t\t<div class=\"elementor-widget-container\">\n\t\t\t\t\t\t\t\t\t<p>La diversidad suma, y por eso nos comprometemos a garantizar la inclusi\u00f3n y la equidad en todos los niveles. Contratamos a profesionales de diferentes pa\u00edses en condiciones de igualdad salarial para reducir la brecha entre pa\u00edses y garantizar que nadie se quede atr\u00e1s.<\/p>\t\t\t\t\t\t\t\t<\/div>\n\t\t\t\t<\/div>\n\t\t\t\t\t<\/div>\n\t\t<\/div>\n\t\t\t\t\t<\/div>\n\t\t<\/section>\n\t\t\t\t<section class=\"elementor-section elementor-inner-section elementor-element elementor-element-0fcf37e elementor-section-boxed elementor-section-height-default elementor-section-height-default\" data-id=\"0fcf37e\" data-element_type=\"section\" data-e-type=\"section\">\n\t\t\t\t\t\t<div class=\"elementor-container elementor-column-gap-default\">\n\t\t\t\t\t<div class=\"elementor-column elementor-col-50 elementor-inner-column elementor-element elementor-element-d109b2a\" data-id=\"d109b2a\" data-element_type=\"column\" data-e-type=\"column\">\n\t\t\t<div class=\"elementor-widget-wrap elementor-element-populated\">\n\t\t\t\t\t\t<div class=\"elementor-element elementor-element-8341158 elementor-widget elementor-widget-image\" data-id=\"8341158\" data-element_type=\"widget\" data-e-type=\"widget\" data-widget_type=\"image.default\">\n\t\t\t\t<div class=\"elementor-widget-container\">\n\t\t\t\t\t\t\t\t\t\t\t\t\t\t\t<img loading=\"lazy\" decoding=\"async\" width=\"128\" height=\"129\" src=\"https:\/\/fastdolphin.com\/wp-content\/uploads\/2026\/03\/FAST-DOLPHIN-Social-Commitment-ODS-17.png\" class=\"attachment-large size-large wp-image-18943\" alt=\"\" data-id=\"18943\" \/>\t\t\t\t\t\t\t\t\t\t\t\t\t\t\t<\/div>\n\t\t\t\t<\/div>\n\t\t\t\t\t<\/div>\n\t\t<\/div>\n\t\t\t\t<div class=\"elementor-column elementor-col-50 elementor-inner-column elementor-element elementor-element-b5a6fa0\" data-id=\"b5a6fa0\" data-element_type=\"column\" data-e-type=\"column\">\n\t\t\t<div class=\"elementor-widget-wrap elementor-element-populated\">\n\t\t\t\t\t\t<div class=\"elementor-element elementor-element-14c9784 elementor-align-left elementor-widget elementor-widget-button\" data-id=\"14c9784\" data-element_type=\"widget\" data-e-type=\"widget\" data-widget_type=\"button.default\">\n\t\t\t\t<div class=\"elementor-widget-container\">\n\t\t\t\t\t\t\t\t\t<div class=\"elementor-button-wrapper\">\n\t\t\t\t\t<a class=\"elementor-button elementor-button-link elementor-size-sm\" href=\"https:\/\/www.un.org\/sustainabledevelopment\/globalpartnerships\/\">\n\t\t\t\t\t\t<span class=\"elementor-button-content-wrapper\">\n\t\t\t\t\t\t\t\t\t<span class=\"elementor-button-text\">Alianzas para alcanzar los objetivos<\/span>\n\t\t\t\t\t<\/span>\n\t\t\t\t\t<\/a>\n\t\t\t\t<\/div>\n\t\t\t\t\t\t\t\t<\/div>\n\t\t\t\t<\/div>\n\t\t\t\t<div class=\"elementor-element elementor-element-59fa63f elementor-widget elementor-widget-text-editor\" data-id=\"59fa63f\" data-element_type=\"widget\" data-e-type=\"widget\" data-widget_type=\"text-editor.default\">\n\t\t\t\t<div class=\"elementor-widget-container\">\n\t\t\t\t\t\t\t\t\t<p>Las alianzas inclusivas (a nivel mundial, regional, nacional y local) se basan en principios y valores, as\u00ed como en una visi\u00f3n y unos objetivos comunes centrados en las personas y el planeta.<\/p>\t\t\t\t\t\t\t\t<\/div>\n\t\t\t\t<\/div>\n\t\t\t\t\t<\/div>\n\t\t<\/div>\n\t\t\t\t\t<\/div>\n\t\t<\/section>\n\t\t\t\t\t<\/div>\n\t\t<\/div>\n\t\t\t\t\t<\/div>\n\t\t<\/section>\n\t\t\t\t<\/div>","protected":false},"excerpt":{"rendered":"<p>&lt;Social COMMITMENT&gt; Talent changing the world The way we work together is as important as the work we do. Driven by our culture, we work for the benefit of society. Our vision understands and accepts the contribution we need to make to provide a remarkable difference in the sustainable development of the world. At Fast [&hellip;]<\/p>\n","protected":false},"author":3,"featured_media":0,"parent":0,"menu_order":0,"comment_status":"closed","ping_status":"closed","template":"","meta":{"footnotes":""},"class_list":["post-18888","page","type-page","status-publish","hentry"],"yoast_head":"<!-- This site is optimized with the Yoast SEO plugin v27.3 - https:\/\/yoast.com\/product\/yoast-seo-wordpress\/ -->\n<title>EN Social Commitment - Fast Dolphin<\/title>\n<meta name=\"robots\" content=\"index, follow, max-snippet:-1, max-image-preview:large, max-video-preview:-1\" \/>\n<link rel=\"canonical\" href=\"https:\/\/fastdolphin.com\/es\/compromiso-con-el-mundo\/\" \/>\n<meta property=\"og:locale\" content=\"es_MX\" \/>\n<meta property=\"og:type\" content=\"article\" \/>\n<meta property=\"og:title\" content=\"EN Social Commitment - Fast Dolphin\" \/>\n<meta property=\"og:description\" content=\"&lt;Social COMMITMENT&gt; Talent changing the world The way we work together is as important as the work we do. Driven by our culture, we work for the benefit of society. Our vision understands and accepts the contribution we need to make to provide a remarkable difference in the sustainable development of the world. At Fast [&hellip;]\" \/>\n<meta property=\"og:url\" content=\"https:\/\/fastdolphin.com\/es\/compromiso-con-el-mundo\/\" \/>\n<meta property=\"og:site_name\" content=\"Fast Dolphin\" \/>\n<meta property=\"article:modified_time\" content=\"2026-03-31T08:32:27+00:00\" \/>\n<meta property=\"og:image\" content=\"https:\/\/fastdolphin.com\/wp-content\/uploads\/2026\/03\/FAST-DOLPHIN-Social-Commitment-Sustainable-Development.png\" \/>\n\t<meta property=\"og:image:width\" content=\"323\" \/>\n\t<meta property=\"og:image:height\" content=\"323\" \/>\n\t<meta property=\"og:image:type\" content=\"image\/png\" \/>\n<meta name=\"twitter:card\" content=\"summary_large_image\" \/>\n<meta name=\"twitter:label1\" content=\"Tiempo de lectura\" \/>\n\t<meta name=\"twitter:data1\" content=\"2 minutos\" \/>\n<script type=\"application\/ld+json\" class=\"yoast-schema-graph\">{\"@context\":\"https:\\\/\\\/schema.org\",\"@graph\":[{\"@type\":\"WebPage\",\"@id\":\"https:\\\/\\\/fastdolphin.com\\\/social-commitment\\\/\",\"url\":\"https:\\\/\\\/fastdolphin.com\\\/social-commitment\\\/\",\"name\":\"EN Social Commitment - Fast Dolphin\",\"isPartOf\":{\"@id\":\"https:\\\/\\\/fastdolphin.com\\\/#website\"},\"primaryImageOfPage\":{\"@id\":\"https:\\\/\\\/fastdolphin.com\\\/social-commitment\\\/#primaryimage\"},\"image\":{\"@id\":\"https:\\\/\\\/fastdolphin.com\\\/social-commitment\\\/#primaryimage\"},\"thumbnailUrl\":\"https:\\\/\\\/fastdolphin.com\\\/wp-content\\\/uploads\\\/2026\\\/03\\\/FAST-DOLPHIN-Social-Commitment-Sustainable-Development.png\",\"datePublished\":\"2026-03-13T16:06:23+00:00\",\"dateModified\":\"2026-03-31T08:32:27+00:00\",\"breadcrumb\":{\"@id\":\"https:\\\/\\\/fastdolphin.com\\\/social-commitment\\\/#breadcrumb\"},\"inLanguage\":\"es\",\"potentialAction\":[{\"@type\":\"ReadAction\",\"target\":[\"https:\\\/\\\/fastdolphin.com\\\/social-commitment\\\/\"]}]},{\"@type\":\"ImageObject\",\"inLanguage\":\"es\",\"@id\":\"https:\\\/\\\/fastdolphin.com\\\/social-commitment\\\/#primaryimage\",\"url\":\"https:\\\/\\\/fastdolphin.com\\\/wp-content\\\/uploads\\\/2026\\\/03\\\/FAST-DOLPHIN-Social-Commitment-Sustainable-Development.png\",\"contentUrl\":\"https:\\\/\\\/fastdolphin.com\\\/wp-content\\\/uploads\\\/2026\\\/03\\\/FAST-DOLPHIN-Social-Commitment-Sustainable-Development.png\"},{\"@type\":\"BreadcrumbList\",\"@id\":\"https:\\\/\\\/fastdolphin.com\\\/social-commitment\\\/#breadcrumb\",\"itemListElement\":[{\"@type\":\"ListItem\",\"position\":1,\"name\":\"Portada\",\"item\":\"https:\\\/\\\/fastdolphin.com\\\/\"},{\"@type\":\"ListItem\",\"position\":2,\"name\":\"EN Social Commitment\"}]},{\"@type\":\"WebSite\",\"@id\":\"https:\\\/\\\/fastdolphin.com\\\/#website\",\"url\":\"https:\\\/\\\/fastdolphin.com\\\/\",\"name\":\"Fast Dolphin\",\"description\":\"\",\"potentialAction\":[{\"@type\":\"SearchAction\",\"target\":{\"@type\":\"EntryPoint\",\"urlTemplate\":\"https:\\\/\\\/fastdolphin.com\\\/?s={search_term_string}\"},\"query-input\":{\"@type\":\"PropertyValueSpecification\",\"valueRequired\":true,\"valueName\":\"search_term_string\"}}],\"inLanguage\":\"es\"}]}<\/script>\n<!-- \/ Yoast SEO plugin. -->","yoast_head_json":{"title":"EN Social Commitment - Fast Dolphin","robots":{"index":"index","follow":"follow","max-snippet":"max-snippet:-1","max-image-preview":"max-image-preview:large","max-video-preview":"max-video-preview:-1"},"canonical":"https:\/\/fastdolphin.com\/es\/compromiso-con-el-mundo\/","og_locale":"es_MX","og_type":"article","og_title":"EN Social Commitment - Fast Dolphin","og_description":"&lt;Social COMMITMENT&gt; Talent changing the world The way we work together is as important as the work we do. Driven by our culture, we work for the benefit of society. Our vision understands and accepts the contribution we need to make to provide a remarkable difference in the sustainable development of the world. At Fast [&hellip;]","og_url":"https:\/\/fastdolphin.com\/es\/compromiso-con-el-mundo\/","og_site_name":"Fast Dolphin","article_modified_time":"2026-03-31T08:32:27+00:00","og_image":[{"width":323,"height":323,"url":"https:\/\/fastdolphin.com\/wp-content\/uploads\/2026\/03\/FAST-DOLPHIN-Social-Commitment-Sustainable-Development.png","type":"image\/png"}],"twitter_card":"summary_large_image","twitter_misc":{"Tiempo de lectura":"2 minutos"},"schema":{"@context":"https:\/\/schema.org","@graph":[{"@type":"WebPage","@id":"https:\/\/fastdolphin.com\/social-commitment\/","url":"https:\/\/fastdolphin.com\/social-commitment\/","name":"EN Social Commitment - Fast Dolphin","isPartOf":{"@id":"https:\/\/fastdolphin.com\/#website"},"primaryImageOfPage":{"@id":"https:\/\/fastdolphin.com\/social-commitment\/#primaryimage"},"image":{"@id":"https:\/\/fastdolphin.com\/social-commitment\/#primaryimage"},"thumbnailUrl":"https:\/\/fastdolphin.com\/wp-content\/uploads\/2026\/03\/FAST-DOLPHIN-Social-Commitment-Sustainable-Development.png","datePublished":"2026-03-13T16:06:23+00:00","dateModified":"2026-03-31T08:32:27+00:00","breadcrumb":{"@id":"https:\/\/fastdolphin.com\/social-commitment\/#breadcrumb"},"inLanguage":"es","potentialAction":[{"@type":"ReadAction","target":["https:\/\/fastdolphin.com\/social-commitment\/"]}]},{"@type":"ImageObject","inLanguage":"es","@id":"https:\/\/fastdolphin.com\/social-commitment\/#primaryimage","url":"https:\/\/fastdolphin.com\/wp-content\/uploads\/2026\/03\/FAST-DOLPHIN-Social-Commitment-Sustainable-Development.png","contentUrl":"https:\/\/fastdolphin.com\/wp-content\/uploads\/2026\/03\/FAST-DOLPHIN-Social-Commitment-Sustainable-Development.png"},{"@type":"BreadcrumbList","@id":"https:\/\/fastdolphin.com\/social-commitment\/#breadcrumb","itemListElement":[{"@type":"ListItem","position":1,"name":"Portada","item":"https:\/\/fastdolphin.com\/"},{"@type":"ListItem","position":2,"name":"EN Social Commitment"}]},{"@type":"WebSite","@id":"https:\/\/fastdolphin.com\/#website","url":"https:\/\/fastdolphin.com\/","name":"Fast Dolphin","description":"","potentialAction":[{"@type":"SearchAction","target":{"@type":"EntryPoint","urlTemplate":"https:\/\/fastdolphin.com\/?s={search_term_string}"},"query-input":{"@type":"PropertyValueSpecification","valueRequired":true,"valueName":"search_term_string"}}],"inLanguage":"es"}]}},"_links":{"self":[{"href":"https:\/\/fastdolphin.com\/es\/wp-json\/wp\/v2\/pages\/18888","targetHints":{"allow":["GET"]}}],"collection":[{"href":"https:\/\/fastdolphin.com\/es\/wp-json\/wp\/v2\/pages"}],"about":[{"href":"https:\/\/fastdolphin.com\/es\/wp-json\/wp\/v2\/types\/page"}],"author":[{"embeddable":true,"href":"https:\/\/fastdolphin.com\/es\/wp-json\/wp\/v2\/users\/3"}],"replies":[{"embeddable":true,"href":"https:\/\/fastdolphin.com\/es\/wp-json\/wp\/v2\/comments?post=18888"}],"version-history":[{"count":0,"href":"https:\/\/fastdolphin.com\/es\/wp-json\/wp\/v2\/pages\/18888\/revisions"}],"wp:attachment":[{"href":"https:\/\/fastdolphin.com\/es\/wp-json\/wp\/v2\/media?parent=18888"}],"curies":[{"name":"wp","href":"https:\/\/api.w.org\/{rel}","templated":true}]}}