{"id":19545,"date":"2026-03-18T12:22:31","date_gmt":"2026-03-18T18:22:31","guid":{"rendered":"https:\/\/fastdolphin.com\/?page_id=19545"},"modified":"2026-04-08T17:59:41","modified_gmt":"2026-04-08T23:59:41","slug":"vacante-pr","status":"publish","type":"page","link":"https:\/\/fastdolphin.com\/es\/vacante-pr\/","title":{"rendered":"EN Vacante PT"},"content":{"rendered":"\t\t<div data-elementor-type=\"wp-page\" data-elementor-id=\"19545\" class=\"elementor elementor-19545\" data-elementor-post-type=\"page\">\n\t\t\t\t\t\t<section class=\"elementor-section elementor-top-section elementor-element elementor-element-cb9dbe4 elementor-section-boxed elementor-section-height-default elementor-section-height-default\" data-id=\"cb9dbe4\" data-element_type=\"section\" data-e-type=\"section\">\n\t\t\t\t\t\t<div class=\"elementor-container elementor-column-gap-default\">\n\t\t\t\t\t<div class=\"elementor-column elementor-col-33 elementor-top-column elementor-element elementor-element-38ed4e9\" data-id=\"38ed4e9\" data-element_type=\"column\" data-e-type=\"column\">\n\t\t\t<div class=\"elementor-widget-wrap elementor-element-populated\">\n\t\t\t\t\t\t<div class=\"elementor-element elementor-element-e3b1f08 elementor-hidden-tablet elementor-hidden-mobile elementor-widget elementor-widget-image\" data-id=\"e3b1f08\" data-element_type=\"widget\" data-e-type=\"widget\" data-widget_type=\"image.default\">\n\t\t\t\t<div class=\"elementor-widget-container\">\n\t\t\t\t\t\t\t\t\t\t\t\t\t\t\t<img decoding=\"async\" width=\"106\" height=\"360\" src=\"https:\/\/fastdolphin.com\/wp-content\/uploads\/2026\/03\/FAST-DOLPHIN-IT-Experts-USA-Texture-Dot-Blue-Vertical.png\" class=\"attachment-full size-full wp-image-18834\" alt=\"\" data-id=\"18834\" \/>\t\t\t\t\t\t\t\t\t\t\t\t\t\t\t<\/div>\n\t\t\t\t<\/div>\n\t\t\t\t\t<\/div>\n\t\t<\/div>\n\t\t\t\t<div class=\"elementor-column elementor-col-66 elementor-top-column elementor-element elementor-element-0159cc9\" data-id=\"0159cc9\" data-element_type=\"column\" data-e-type=\"column\">\n\t\t\t<div class=\"elementor-widget-wrap elementor-element-populated\">\n\t\t\t\t\t\t<div class=\"elementor-element elementor-element-f3dd122 elementor-widget elementor-widget-html\" data-id=\"f3dd122\" data-element_type=\"widget\" data-e-type=\"widget\" data-widget_type=\"html.default\">\n\t\t\t\t<div class=\"elementor-widget-container\">\n\t\t\t\t\t<h1 class=\"sr-only\">Vaga - Fast Dolphin<\/h1>\n\n<iframe\n  id=\"myiframe\"\n  width=\"100%\"\n  frameborder=\"0\"\n  scrolling=\"no\"\n  style=\"display:block; width:100%; border:0; overflow:hidden;\"\n  src=\"\/vinculacionpr\/vacante.php\"\n><\/iframe>\n\n<script>\n(function () {\n  function getQueryString() {\n    return window.location.search || \"\";\n  }\n\n  function getParametro(nombre) {\n    const params = new URLSearchParams(window.location.search);\n    return params.get(nombre);\n  }\n\n  function resizeIframe(iframe) {\n    try {\n      const doc = iframe.contentWindow.document;\n      const body = doc.body;\n      const html = doc.documentElement;\n\n      iframe.style.height = Math.max(\n        body.scrollHeight,\n        body.offsetHeight,\n        html.clientHeight,\n        html.scrollHeight,\n        html.offsetHeight\n      ) + \"px\";\n\n      const correo = doc.querySelector('#correoAsignado');\n      const correoEnviar = document.querySelector('#correoEnviar');\n\n      if (correo && correoEnviar) {\n        correoEnviar.value = correo.value || '';\n      }\n\n    } catch (e) {}\n  }\n\n  const iframe = document.getElementById('myiframe');\n\n  if (iframe) {\n    iframe.src = '\/vinculacionpr\/vacante.php' + getQueryString();\n\n    iframe.addEventListener('load', function () {\n      resizeIframe(iframe);\n      setTimeout(function(){ resizeIframe(iframe); }, 300);\n      setTimeout(function(){ resizeIframe(iframe); }, 1000);\n    });\n  }\n\n  const idjob = document.querySelector('#idjob');\n  if (idjob) {\n    idjob.value = getParametro('identificador') || '';\n  }\n\n  window.resizeIframe = resizeIframe;\n\n})();\n<\/script>\n\n<style>\n.sr-only{\n  position:absolute !important;\n  width:1px !important;\n  height:1px !important;\n  padding:0 !important;\n  margin:-1px !important;\n  overflow:hidden !important;\n  clip:rect(0,0,0,0) !important;\n  white-space:nowrap !important;\n  border:0 !important;\n}\n<\/style>\t\t\t\t<\/div>\n\t\t\t\t<\/div>\n\t\t\t\t\t<\/div>\n\t\t<\/div>\n\t\t\t\t\t<\/div>\n\t\t<\/section>\n\t\t\t\t<section class=\"elementor-section elementor-top-section elementor-element elementor-element-b1c5a89 elementor-section-boxed elementor-section-height-default elementor-section-height-default\" data-id=\"b1c5a89\" data-element_type=\"section\" data-e-type=\"section\" data-settings=\"{&quot;background_background&quot;:&quot;classic&quot;,&quot;shape_divider_bottom&quot;:&quot;tilt&quot;}\">\n\t\t\t\t\t<div class=\"elementor-shape elementor-shape-bottom\" aria-hidden=\"true\" data-negative=\"false\">\n\t\t\t<svg xmlns=\"http:\/\/www.w3.org\/2000\/svg\" viewBox=\"0 0 1000 100\" preserveAspectRatio=\"none\">\n\t<path class=\"elementor-shape-fill\" d=\"M0,6V0h1000v100L0,6z\"\/>\n<\/svg>\t\t<\/div>\n\t\t\t\t\t<div class=\"elementor-container elementor-column-gap-default\">\n\t\t\t\t\t<div class=\"elementor-column elementor-col-25 elementor-top-column elementor-element elementor-element-307da00\" data-id=\"307da00\" data-element_type=\"column\" data-e-type=\"column\">\n\t\t\t<div class=\"elementor-widget-wrap\">\n\t\t\t\t\t\t\t<\/div>\n\t\t<\/div>\n\t\t\t\t<div class=\"elementor-column elementor-col-50 elementor-top-column elementor-element elementor-element-157fbed\" data-id=\"157fbed\" data-element_type=\"column\" data-e-type=\"column\">\n\t\t\t<div class=\"elementor-widget-wrap elementor-element-populated\">\n\t\t\t\t\t\t<div class=\"elementor-element elementor-element-3ad776d elementor-widget elementor-widget-text-editor\" data-id=\"3ad776d\" data-element_type=\"widget\" data-e-type=\"widget\" data-widget_type=\"text-editor.default\">\n\t\t\t\t<div class=\"elementor-widget-container\">\n\t\t\t\t\t\t\t\t\t<div class=\"elementor-element elementor-element-3ad776d elementor-widget elementor-widget-text-editor\" data-id=\"3ad776d\" data-element_type=\"widget\" data-e-type=\"widget\" data-widget_type=\"text-editor.default\"><div class=\"elementor-widget-container\"><p>Formul\u00e1rio de Candidatura<\/p><\/div><\/div>\t\t\t\t\t\t\t\t<\/div>\n\t\t\t\t<\/div>\n\t\t\t\t<div class=\"elementor-element elementor-element-7d0aa5f elementor-widget elementor-widget-text-editor\" data-id=\"7d0aa5f\" data-element_type=\"widget\" data-e-type=\"widget\" data-widget_type=\"text-editor.default\">\n\t\t\t\t<div class=\"elementor-widget-container\">\n\t\t\t\t\t\t\t\t\t<div class=\"elementor-element elementor-element-7d0aa5f elementor-widget elementor-widget-text-editor\" data-id=\"7d0aa5f\" data-element_type=\"widget\" data-e-type=\"widget\" data-widget_type=\"text-editor.default\"><div class=\"elementor-widget-container\"><p>Preencha seus dados abaixo para se candidatar a esta vaga:<\/p><\/div><\/div>\t\t\t\t\t\t\t\t<\/div>\n\t\t\t\t<\/div>\n\t\t\t\t<div class=\"elementor-element elementor-element-8a95252 elementor-widget elementor-widget-shortcode\" data-id=\"8a95252\" data-element_type=\"widget\" data-e-type=\"widget\" data-widget_type=\"shortcode.default\">\n\t\t\t\t<div class=\"elementor-widget-container\">\n\t\t\t\t\t\t\t<div class=\"elementor-shortcode\">\n<div class=\"wpcf7 no-js\" id=\"wpcf7-f15559-o1\" lang=\"en-US\" dir=\"ltr\" data-wpcf7-id=\"15559\">\n<div class=\"screen-reader-response\"><p role=\"status\" aria-live=\"polite\" aria-atomic=\"true\"><\/p> <ul><\/ul><\/div>\n<form action=\"\/es\/wp-json\/wp\/v2\/pages\/19545#wpcf7-f15559-o1\" method=\"post\" class=\"wpcf7-form init\" aria-label=\"Contact form\" enctype=\"multipart\/form-data\" novalidate=\"novalidate\" data-status=\"init\">\n<fieldset class=\"hidden-fields-container\"><input type=\"hidden\" name=\"_wpcf7\" value=\"15559\" \/><input type=\"hidden\" name=\"_wpcf7_version\" value=\"6.1.5\" \/><input type=\"hidden\" name=\"_wpcf7_locale\" value=\"en_US\" \/><input type=\"hidden\" name=\"_wpcf7_unit_tag\" value=\"wpcf7-f15559-o1\" \/><input type=\"hidden\" name=\"_wpcf7_container_post\" value=\"0\" \/><input type=\"hidden\" name=\"_wpcf7_posted_data_hash\" value=\"\" \/><input type=\"hidden\" name=\"_wpcf7_recaptcha_response\" value=\"\" \/>\n<\/fieldset>\n<div class=\"cspt-main-form cspt-form-style-3\">\n\t<div class=\"row\">\n\t\t<p><span class=\"wpcf7-form-control-wrap\" data-name=\"idjob\"><input size=\"40\" maxlength=\"400\" class=\"wpcf7-form-control wpcf7-text\" id=\"idjob\" readonly=\"readonly\" aria-invalid=\"false\" value=\"\" type=\"text\" name=\"idjob\" \/><\/span><br \/>\n\t\t<input class=\"wpcf7-form-control wpcf7-hidden\" id=\"correoEnviar\" value=\"example@example.com\" type=\"hidden\" name=\"correoEnviar\" \/>\n\t\t<\/p>\n\t\t<div class=\"col-sm-6\">\n\t\t\t<div class=\"input-group\">\n\t\t\t\t<p><span class=\"wpcf7-form-control-wrap\" data-name=\"nombre\"><input size=\"40\" maxlength=\"400\" class=\"wpcf7-form-control wpcf7-text wpcf7-validates-as-required\" aria-required=\"true\" aria-invalid=\"false\" placeholder=\"*Nome\" value=\"\" type=\"text\" name=\"nombre\" \/><\/span>\n\t\t\t\t<\/p>\n\t\t\t<\/div>\n\t\t<\/div>\n\t\t<div class=\"col-sm-6\">\n\t\t\t<div class=\"input-group\">\n\t\t\t\t<p><span class=\"wpcf7-form-control-wrap\" data-name=\"correo\"><input size=\"40\" maxlength=\"400\" class=\"wpcf7-form-control wpcf7-email wpcf7-validates-as-required wpcf7-text wpcf7-validates-as-email\" aria-required=\"true\" aria-invalid=\"false\" placeholder=\"*E-mail\" value=\"\" type=\"email\" name=\"correo\" \/><\/span>\n\t\t\t\t<\/p>\n\t\t\t<\/div>\n\t\t<\/div>\n\t\t<div class=\"col-sm-6\">\n\t\t\t<div class=\"input-group\">\n\t\t\t\t<p><span class=\"wpcf7-form-control-wrap\" data-name=\"telefono\"><input size=\"40\" maxlength=\"400\" class=\"wpcf7-form-control wpcf7-text\" aria-invalid=\"false\" placeholder=\"N\u00famero de telefone (incluindo c\u00f3digo do pa\u00eds)\" value=\"\" type=\"text\" name=\"telefono\" \/><\/span>\n\t\t\t\t<\/p>\n\t\t\t<\/div>\n\t\t<\/div>\n\t\t<div class=\"col-sm-6\">\n\t\t\t<div class=\"input-group\">\n\t\t\t\t<p><span class=\"wpcf7-form-control-wrap\" data-name=\"ciudad\"><input size=\"40\" maxlength=\"400\" class=\"wpcf7-form-control wpcf7-text wpcf7-validates-as-required\" aria-required=\"true\" aria-invalid=\"false\" placeholder=\"*Cidade\" value=\"\" type=\"text\" name=\"ciudad\" \/><\/span>\n\t\t\t\t<\/p>\n\t\t\t<\/div>\n\t\t<\/div>\n\t\t<div class=\"col-sm-6\">\n\t\t\t<div class=\"input-group\">\n\t\t\t\t<p><span class=\"wpcf7-form-control-wrap\" data-name=\"pais\"><input size=\"40\" maxlength=\"400\" class=\"wpcf7-form-control wpcf7-text wpcf7-validates-as-required\" aria-required=\"true\" aria-invalid=\"false\" placeholder=\"*Pa\u00eds\" value=\"\" type=\"text\" name=\"pais\" \/><\/span>\n\t\t\t\t<\/p>\n\t\t\t<\/div>\n\t\t<\/div>\n\t\t<div class=\"col-sm-6\">\n\t\t\t<div class=\"input-group\">\n\t\t\t\t<p><span class=\"wpcf7-form-control-wrap\" data-name=\"nacionalidad\"><input size=\"40\" maxlength=\"400\" class=\"wpcf7-form-control wpcf7-text\" aria-invalid=\"false\" placeholder=\"Nacionalidade\" value=\"\" type=\"text\" name=\"nacionalidad\" \/><\/span>\n\t\t\t\t<\/p>\n\t\t\t<\/div>\n\t\t<\/div>\n\t\t<div class=\"col-sm-6\">\n\t\t\t<div class=\"input-group\">\n\t\t\t\t<p><span class=\"wpcf7-form-control-wrap\" data-name=\"especialidad\"><input size=\"40\" maxlength=\"400\" class=\"wpcf7-form-control wpcf7-text\" aria-invalid=\"false\" placeholder=\"\u00c1rea de Atua\u00e7\u00e3o\" value=\"\" type=\"text\" name=\"especialidad\" \/><\/span>\n\t\t\t\t<\/p>\n\t\t\t<\/div>\n\t\t<\/div>\n\t\t<div class=\"col-sm-12\">\n\t\t\t<div class=\"input-group\">\n\t\t\t\t<p>CV (Formato: word\/pdf): <span class=\"wpcf7-form-control-wrap\" data-name=\"cv\"><input size=\"40\" class=\"wpcf7-form-control wpcf7-file wpcf7-validates-as-required\" accept=\".doc,.docx,.pdf,.png,.jpg\" aria-required=\"true\" aria-invalid=\"false\" type=\"file\" name=\"cv\" \/><\/span>\n\t\t\t\t<\/p>\n\t\t\t<\/div>\n\t\t<\/div>\n\t\t<div class=\"col-sm-6\">\n\t\t<\/div>\n\t\t<div class=\"col-sm-6\">\n\t\t\t<div class=\"input-button\">\n\t\t\t\t<p><button id='submit' class='wpcf7-form-control wpcf7-submit'>ENVIAR<\/button>\n\t\t\t\t<\/p>\n\t\t\t<\/div>\n\t\t<\/div>\n\t<\/div>\n<\/div><input type='hidden' class='wpcf7-pum' value='{\"closepopup\":false,\"closedelay\":0,\"openpopup\":false,\"openpopup_id\":0}' \/><div class=\"wpcf7-response-output\" aria-hidden=\"true\"><\/div>\n<\/form>\n<\/div>\n<\/div>\n\t\t\t\t\t\t<\/div>\n\t\t\t\t<\/div>\n\t\t\t\t<div class=\"elementor-element elementor-element-f904399 elementor-widget elementor-widget-html\" data-id=\"f904399\" data-element_type=\"widget\" data-e-type=\"widget\" data-widget_type=\"html.default\">\n\t\t\t\t<div class=\"elementor-widget-container\">\n\t\t\t\t\t<script>\nwindow.addEventListener('load', function () {\n  const params = new URLSearchParams(window.location.search);\n  const identificador = params.get('identificador');\n\n  const intervalo = setInterval(() => {\n    const campo = document.querySelector('input[name=\"idjob\"]');\n    if (campo && identificador) {\n      campo.value = 'VACANT ID: ' + identificador;\n      clearInterval(intervalo);\n    }\n  }, 300);\n});\n<\/script>\t\t\t\t<\/div>\n\t\t\t\t<\/div>\n\t\t\t\t\t<\/div>\n\t\t<\/div>\n\t\t\t\t<div class=\"elementor-column elementor-col-25 elementor-top-column elementor-element elementor-element-0f9c020\" data-id=\"0f9c020\" data-element_type=\"column\" data-e-type=\"column\">\n\t\t\t<div class=\"elementor-widget-wrap\">\n\t\t\t\t\t\t\t<\/div>\n\t\t<\/div>\n\t\t\t\t\t<\/div>\n\t\t<\/section>\n\t\t\t\t<\/div>\n\t\t","protected":false},"excerpt":{"rendered":"<p>Vaga &#8211; Fast Dolphin Formul\u00e1rio de Candidatura Preencha seus dados abaixo para se candidatar a esta vaga:<\/p>","protected":false},"author":3,"featured_media":0,"parent":0,"menu_order":0,"comment_status":"closed","ping_status":"closed","template":"","meta":{"footnotes":""},"class_list":["post-19545","page","type-page","status-publish","hentry"],"yoast_head":"<!-- This site is optimized with the Yoast SEO plugin v27.3 - https:\/\/yoast.com\/product\/yoast-seo-wordpress\/ -->\n<title>EN Vacante PT - Fast Dolphin<\/title>\n<meta name=\"robots\" content=\"noindex, follow\" \/>\n<meta property=\"og:locale\" content=\"es_MX\" \/>\n<meta property=\"og:type\" content=\"article\" \/>\n<meta property=\"og:title\" content=\"EN Vacante PT - Fast Dolphin\" \/>\n<meta property=\"og:description\" content=\"Vaga &#8211; Fast Dolphin Formul\u00e1rio de Candidatura Preencha seus dados abaixo para se candidatar a esta vaga:\" \/>\n<meta property=\"og:url\" content=\"https:\/\/fastdolphin.com\/es\/vacante-pr\/\" \/>\n<meta property=\"og:site_name\" content=\"Fast Dolphin\" \/>\n<meta property=\"article:modified_time\" content=\"2026-04-08T23:59:41+00:00\" \/>\n<meta property=\"og:image\" content=\"https:\/\/fastdolphin.com\/wp-content\/uploads\/2026\/03\/FAST-DOLPHIN-IT-Experts-USA-Texture-Dot-Blue-Vertical.png\" \/>\n\t<meta property=\"og:image:width\" content=\"106\" \/>\n\t<meta property=\"og:image:height\" content=\"360\" \/>\n\t<meta property=\"og:image:type\" content=\"image\/png\" \/>\n<meta name=\"twitter:card\" content=\"summary_large_image\" \/>\n<meta name=\"twitter:label1\" content=\"Tiempo de lectura\" \/>\n\t<meta name=\"twitter:data1\" content=\"1 minuto\" \/>\n<script type=\"application\/ld+json\" class=\"yoast-schema-graph\">{\"@context\":\"https:\\\/\\\/schema.org\",\"@graph\":[{\"@type\":\"WebPage\",\"@id\":\"https:\\\/\\\/fastdolphin.com\\\/vacante-pr\\\/\",\"url\":\"https:\\\/\\\/fastdolphin.com\\\/vacante-pr\\\/\",\"name\":\"EN Vacante PT - Fast Dolphin\",\"isPartOf\":{\"@id\":\"https:\\\/\\\/fastdolphin.com\\\/#website\"},\"primaryImageOfPage\":{\"@id\":\"https:\\\/\\\/fastdolphin.com\\\/vacante-pr\\\/#primaryimage\"},\"image\":{\"@id\":\"https:\\\/\\\/fastdolphin.com\\\/vacante-pr\\\/#primaryimage\"},\"thumbnailUrl\":\"https:\\\/\\\/fastdolphin.com\\\/wp-content\\\/uploads\\\/2026\\\/03\\\/FAST-DOLPHIN-IT-Experts-USA-Texture-Dot-Blue-Vertical.png\",\"datePublished\":\"2026-03-18T18:22:31+00:00\",\"dateModified\":\"2026-04-08T23:59:41+00:00\",\"inLanguage\":\"es\",\"potentialAction\":[{\"@type\":\"ReadAction\",\"target\":[\"https:\\\/\\\/fastdolphin.com\\\/vacante-pr\\\/\"]}]},{\"@type\":\"ImageObject\",\"inLanguage\":\"es\",\"@id\":\"https:\\\/\\\/fastdolphin.com\\\/vacante-pr\\\/#primaryimage\",\"url\":\"https:\\\/\\\/fastdolphin.com\\\/wp-content\\\/uploads\\\/2026\\\/03\\\/FAST-DOLPHIN-IT-Experts-USA-Texture-Dot-Blue-Vertical.png\",\"contentUrl\":\"https:\\\/\\\/fastdolphin.com\\\/wp-content\\\/uploads\\\/2026\\\/03\\\/FAST-DOLPHIN-IT-Experts-USA-Texture-Dot-Blue-Vertical.png\"},{\"@type\":\"WebSite\",\"@id\":\"https:\\\/\\\/fastdolphin.com\\\/#website\",\"url\":\"https:\\\/\\\/fastdolphin.com\\\/\",\"name\":\"Fast Dolphin\",\"description\":\"\",\"potentialAction\":[{\"@type\":\"SearchAction\",\"target\":{\"@type\":\"EntryPoint\",\"urlTemplate\":\"https:\\\/\\\/fastdolphin.com\\\/?s={search_term_string}\"},\"query-input\":{\"@type\":\"PropertyValueSpecification\",\"valueRequired\":true,\"valueName\":\"search_term_string\"}}],\"inLanguage\":\"es\"}]}<\/script>\n<!-- \/ Yoast SEO plugin. -->","yoast_head_json":{"title":"EN Vacante PT - Fast Dolphin","robots":{"index":"noindex","follow":"follow"},"og_locale":"es_MX","og_type":"article","og_title":"EN Vacante PT - Fast Dolphin","og_description":"Vaga &#8211; Fast Dolphin Formul\u00e1rio de Candidatura Preencha seus dados abaixo para se candidatar a esta vaga:","og_url":"https:\/\/fastdolphin.com\/es\/vacante-pr\/","og_site_name":"Fast Dolphin","article_modified_time":"2026-04-08T23:59:41+00:00","og_image":[{"width":106,"height":360,"url":"https:\/\/fastdolphin.com\/wp-content\/uploads\/2026\/03\/FAST-DOLPHIN-IT-Experts-USA-Texture-Dot-Blue-Vertical.png","type":"image\/png"}],"twitter_card":"summary_large_image","twitter_misc":{"Tiempo de lectura":"1 minuto"},"schema":{"@context":"https:\/\/schema.org","@graph":[{"@type":"WebPage","@id":"https:\/\/fastdolphin.com\/vacante-pr\/","url":"https:\/\/fastdolphin.com\/vacante-pr\/","name":"EN Vacante PT - Fast Dolphin","isPartOf":{"@id":"https:\/\/fastdolphin.com\/#website"},"primaryImageOfPage":{"@id":"https:\/\/fastdolphin.com\/vacante-pr\/#primaryimage"},"image":{"@id":"https:\/\/fastdolphin.com\/vacante-pr\/#primaryimage"},"thumbnailUrl":"https:\/\/fastdolphin.com\/wp-content\/uploads\/2026\/03\/FAST-DOLPHIN-IT-Experts-USA-Texture-Dot-Blue-Vertical.png","datePublished":"2026-03-18T18:22:31+00:00","dateModified":"2026-04-08T23:59:41+00:00","inLanguage":"es","potentialAction":[{"@type":"ReadAction","target":["https:\/\/fastdolphin.com\/vacante-pr\/"]}]},{"@type":"ImageObject","inLanguage":"es","@id":"https:\/\/fastdolphin.com\/vacante-pr\/#primaryimage","url":"https:\/\/fastdolphin.com\/wp-content\/uploads\/2026\/03\/FAST-DOLPHIN-IT-Experts-USA-Texture-Dot-Blue-Vertical.png","contentUrl":"https:\/\/fastdolphin.com\/wp-content\/uploads\/2026\/03\/FAST-DOLPHIN-IT-Experts-USA-Texture-Dot-Blue-Vertical.png"},{"@type":"WebSite","@id":"https:\/\/fastdolphin.com\/#website","url":"https:\/\/fastdolphin.com\/","name":"Fast Dolphin","description":"","potentialAction":[{"@type":"SearchAction","target":{"@type":"EntryPoint","urlTemplate":"https:\/\/fastdolphin.com\/?s={search_term_string}"},"query-input":{"@type":"PropertyValueSpecification","valueRequired":true,"valueName":"search_term_string"}}],"inLanguage":"es"}]}},"_links":{"self":[{"href":"https:\/\/fastdolphin.com\/es\/wp-json\/wp\/v2\/pages\/19545","targetHints":{"allow":["GET"]}}],"collection":[{"href":"https:\/\/fastdolphin.com\/es\/wp-json\/wp\/v2\/pages"}],"about":[{"href":"https:\/\/fastdolphin.com\/es\/wp-json\/wp\/v2\/types\/page"}],"author":[{"embeddable":true,"href":"https:\/\/fastdolphin.com\/es\/wp-json\/wp\/v2\/users\/3"}],"replies":[{"embeddable":true,"href":"https:\/\/fastdolphin.com\/es\/wp-json\/wp\/v2\/comments?post=19545"}],"version-history":[{"count":15,"href":"https:\/\/fastdolphin.com\/es\/wp-json\/wp\/v2\/pages\/19545\/revisions"}],"predecessor-version":[{"id":20798,"href":"https:\/\/fastdolphin.com\/es\/wp-json\/wp\/v2\/pages\/19545\/revisions\/20798"}],"wp:attachment":[{"href":"https:\/\/fastdolphin.com\/es\/wp-json\/wp\/v2\/media?parent=19545"}],"curies":[{"name":"wp","href":"https:\/\/api.w.org\/{rel}","templated":true}]}}