{"id":17641,"date":"2026-03-02T16:16:26","date_gmt":"2026-03-02T22:16:26","guid":{"rendered":"https:\/\/fastdolphin.com\/?page_id=17641"},"modified":"2026-03-22T20:59:15","modified_gmt":"2026-03-23T02:59:15","slug":"thank-you-pt-consultor","status":"publish","type":"page","link":"https:\/\/fastdolphin.com\/pt\/thank-you-pt-consultor\/","title":{"rendered":"TYP PT Consultor"},"content":{"rendered":"<div data-elementor-type=\"wp-page\" data-elementor-id=\"17641\" class=\"elementor elementor-17641\" data-elementor-post-type=\"page\">\n\t\t\t\t\t\t<section class=\"elementor-section elementor-top-section elementor-element elementor-element-04bad67 elementor-section-height-min-height elementor-section-content-middle elementor-section-full_width elementor-section-items-stretch elementor-section-height-default\" data-id=\"04bad67\" data-element_type=\"section\" data-e-type=\"section\" data-settings=\"{&quot;background_background&quot;:&quot;classic&quot;,&quot;shape_divider_top&quot;:&quot;tilt&quot;,&quot;shape_divider_bottom&quot;:&quot;tilt&quot;}\">\n\t\t\t\t\t<div class=\"elementor-shape elementor-shape-top\" aria-hidden=\"true\" data-negative=\"false\">\n\t\t\t<svg xmlns=\"http:\/\/www.w3.org\/2000\/svg\" viewbox=\"0 0 1000 100\" preserveaspectratio=\"none\">\n\t<path class=\"elementor-shape-fill\" d=\"M0,6V0h1000v100L0,6z\"\/>\n<\/svg>\t\t<\/div>\n\t\t\t\t<div class=\"elementor-shape elementor-shape-bottom\" aria-hidden=\"true\" data-negative=\"false\">\n\t\t\t<svg xmlns=\"http:\/\/www.w3.org\/2000\/svg\" viewbox=\"0 0 1000 100\" preserveaspectratio=\"none\">\n\t<path class=\"elementor-shape-fill\" d=\"M0,6V0h1000v100L0,6z\"\/>\n<\/svg>\t\t<\/div>\n\t\t\t\t\t<div class=\"elementor-container elementor-column-gap-wider\">\n\t\t\t\t\t<div class=\"elementor-column elementor-col-100 elementor-top-column elementor-element elementor-element-6019a08\" data-id=\"6019a08\" data-element_type=\"column\" data-e-type=\"column\" data-settings=\"{&quot;background_background&quot;:&quot;classic&quot;}\">\n\t\t\t<div class=\"elementor-widget-wrap elementor-element-populated\">\n\t\t\t\t\t\t<div class=\"elementor-element elementor-element-da6d590 elementor-widget elementor-widget-heading\" data-id=\"da6d590\" data-element_type=\"widget\" data-e-type=\"widget\" data-widget_type=\"heading.default\">\n\t\t\t\t<div class=\"elementor-widget-container\">\n\t\t\t\t\t<p class=\"elementor-heading-title elementor-size-default\">Obrigado por entrar em contato conosco<\/p>\t\t\t\t<\/div>\n\t\t\t\t<\/div>\n\t\t\t\t<div class=\"elementor-element elementor-element-547831b elementor-widget elementor-widget-heading\" data-id=\"547831b\" data-element_type=\"widget\" data-e-type=\"widget\" data-widget_type=\"heading.default\">\n\t\t\t\t<div class=\"elementor-widget-container\">\n\t\t\t\t\t<h3 class=\"elementor-heading-title elementor-size-default\">Recebemos suas informa\u00e7\u00f5es<\/h3>\t\t\t\t<\/div>\n\t\t\t\t<\/div>\n\t\t\t\t<div class=\"elementor-element elementor-element-cc4e26a elementor-align-center elementor-widget elementor-widget-button\" data-id=\"cc4e26a\" data-element_type=\"widget\" data-e-type=\"widget\" data-widget_type=\"button.default\">\n\t\t\t\t<div class=\"elementor-widget-container\">\n\t\t\t\t\t\t\t\t\t<div class=\"elementor-button-wrapper\">\n\t\t\t\t\t<a class=\"elementor-button elementor-button-link elementor-size-sm\" href=\"https:\/\/fastdolphin.com\/pt\">\n\t\t\t\t\t\t<span class=\"elementor-button-content-wrapper\">\n\t\t\t\t\t\t\t\t\t<span class=\"elementor-button-text\">Ir para a p\u00e1gina inicial<\/span>\n\t\t\t\t\t<\/span>\n\t\t\t\t\t<\/a>\n\t\t\t\t<\/div>\n\t\t\t\t\t\t\t\t<\/div>\n\t\t\t\t<\/div>\n\t\t\t\t\t<\/div>\n\t\t<\/div>\n\t\t\t\t\t<\/div>\n\t\t<\/section>\n\t\t\t\t<\/div>","protected":false},"excerpt":{"rendered":"<p>Obrigado por entrar em contato conosco Recebemos suas informa\u00e7\u00f5es Ir para a p\u00e1gina inicial<\/p>","protected":false},"author":3,"featured_media":0,"parent":0,"menu_order":0,"comment_status":"closed","ping_status":"closed","template":"","meta":{"footnotes":""},"class_list":["post-17641","page","type-page","status-publish","hentry"],"yoast_head":"<!-- This site is optimized with the Yoast SEO plugin v27.3 - https:\/\/yoast.com\/product\/yoast-seo-wordpress\/ -->\n<title>TYP PT Consultor - Fast Dolphin<\/title>\n<meta name=\"robots\" content=\"noindex, follow\" \/>\n<meta property=\"og:locale\" content=\"pt_BR\" \/>\n<meta property=\"og:type\" content=\"article\" \/>\n<meta property=\"og:title\" content=\"TYP PT Consultor - Fast Dolphin\" \/>\n<meta property=\"og:description\" content=\"Obrigado por entrar em contato conosco Recebemos suas informa\u00e7\u00f5es Ir para a p\u00e1gina inicial\" \/>\n<meta property=\"og:url\" content=\"https:\/\/fastdolphin.com\/pt\/thank-you-pt-consultor\/\" \/>\n<meta property=\"og:site_name\" content=\"Fast Dolphin\" \/>\n<meta property=\"article:modified_time\" content=\"2026-03-23T02:59:15+00:00\" \/>\n<meta name=\"twitter:card\" content=\"summary_large_image\" \/>\n<meta name=\"twitter:label1\" content=\"Est. tempo de leitura\" \/>\n\t<meta name=\"twitter:data1\" content=\"1 minuto\" \/>\n<script type=\"application\/ld+json\" class=\"yoast-schema-graph\">{\"@context\":\"https:\\\/\\\/schema.org\",\"@graph\":[{\"@type\":\"WebPage\",\"@id\":\"https:\\\/\\\/fastdolphin.com\\\/thank-you-pt-consultor\\\/\",\"url\":\"https:\\\/\\\/fastdolphin.com\\\/thank-you-pt-consultor\\\/\",\"name\":\"TYP PT Consultor - Fast Dolphin\",\"isPartOf\":{\"@id\":\"https:\\\/\\\/fastdolphin.com\\\/#website\"},\"datePublished\":\"2026-03-02T22:16:26+00:00\",\"dateModified\":\"2026-03-23T02:59:15+00:00\",\"breadcrumb\":{\"@id\":\"https:\\\/\\\/fastdolphin.com\\\/thank-you-pt-consultor\\\/#breadcrumb\"},\"inLanguage\":\"pt-BR\",\"potentialAction\":[{\"@type\":\"ReadAction\",\"target\":[\"https:\\\/\\\/fastdolphin.com\\\/thank-you-pt-consultor\\\/\"]}]},{\"@type\":\"WebSite\",\"@id\":\"https:\\\/\\\/fastdolphin.com\\\/#website\",\"url\":\"https:\\\/\\\/fastdolphin.com\\\/\",\"name\":\"Fast Dolphin\",\"description\":\"\",\"potentialAction\":[{\"@type\":\"SearchAction\",\"target\":{\"@type\":\"EntryPoint\",\"urlTemplate\":\"https:\\\/\\\/fastdolphin.com\\\/?s={search_term_string}\"},\"query-input\":{\"@type\":\"PropertyValueSpecification\",\"valueRequired\":true,\"valueName\":\"search_term_string\"}}],\"inLanguage\":\"pt-BR\"}]}<\/script>\n<!-- \/ Yoast SEO plugin. -->","yoast_head_json":{"title":"TYP PT Consultor - Fast Dolphin","robots":{"index":"noindex","follow":"follow"},"og_locale":"pt_BR","og_type":"article","og_title":"TYP PT Consultor - Fast Dolphin","og_description":"Obrigado por entrar em contato conosco Recebemos suas informa\u00e7\u00f5es Ir para a p\u00e1gina inicial","og_url":"https:\/\/fastdolphin.com\/pt\/thank-you-pt-consultor\/","og_site_name":"Fast Dolphin","article_modified_time":"2026-03-23T02:59:15+00:00","twitter_card":"summary_large_image","twitter_misc":{"Est. tempo de leitura":"1 minuto"},"schema":{"@context":"https:\/\/schema.org","@graph":[{"@type":"WebPage","@id":"https:\/\/fastdolphin.com\/thank-you-pt-consultor\/","url":"https:\/\/fastdolphin.com\/thank-you-pt-consultor\/","name":"TYP PT Consultor - Fast Dolphin","isPartOf":{"@id":"https:\/\/fastdolphin.com\/#website"},"datePublished":"2026-03-02T22:16:26+00:00","dateModified":"2026-03-23T02:59:15+00:00","breadcrumb":{"@id":"https:\/\/fastdolphin.com\/thank-you-pt-consultor\/#breadcrumb"},"inLanguage":"pt-BR","potentialAction":[{"@type":"ReadAction","target":["https:\/\/fastdolphin.com\/thank-you-pt-consultor\/"]}]},{"@type":"WebSite","@id":"https:\/\/fastdolphin.com\/#website","url":"https:\/\/fastdolphin.com\/","name":"Fast Dolphin","description":"","potentialAction":[{"@type":"SearchAction","target":{"@type":"EntryPoint","urlTemplate":"https:\/\/fastdolphin.com\/?s={search_term_string}"},"query-input":{"@type":"PropertyValueSpecification","valueRequired":true,"valueName":"search_term_string"}}],"inLanguage":"pt-BR"}]}},"_links":{"self":[{"href":"https:\/\/fastdolphin.com\/pt\/wp-json\/wp\/v2\/pages\/17641","targetHints":{"allow":["GET"]}}],"collection":[{"href":"https:\/\/fastdolphin.com\/pt\/wp-json\/wp\/v2\/pages"}],"about":[{"href":"https:\/\/fastdolphin.com\/pt\/wp-json\/wp\/v2\/types\/page"}],"author":[{"embeddable":true,"href":"https:\/\/fastdolphin.com\/pt\/wp-json\/wp\/v2\/users\/3"}],"replies":[{"embeddable":true,"href":"https:\/\/fastdolphin.com\/pt\/wp-json\/wp\/v2\/comments?post=17641"}],"version-history":[{"count":0,"href":"https:\/\/fastdolphin.com\/pt\/wp-json\/wp\/v2\/pages\/17641\/revisions"}],"wp:attachment":[{"href":"https:\/\/fastdolphin.com\/pt\/wp-json\/wp\/v2\/media?parent=17641"}],"curies":[{"name":"wp","href":"https:\/\/api.w.org\/{rel}","templated":true}]}}