{"id":18778,"date":"2026-03-13T09:16:29","date_gmt":"2026-03-13T15:16:29","guid":{"rendered":"https:\/\/fastdolphin.com\/?page_id=18778"},"modified":"2026-03-31T02:32:48","modified_gmt":"2026-03-31T08:32:48","slug":"programa-indicacao","status":"publish","type":"page","link":"https:\/\/fastdolphin.com\/pt\/programa-indicacao\/","title":{"rendered":"EN Referral Program"},"content":{"rendered":"<div data-elementor-type=\"wp-page\" data-elementor-id=\"18778\" class=\"elementor elementor-18778\" data-elementor-post-type=\"page\">\n\t\t\t\t\t\t<section class=\"elementor-section elementor-top-section elementor-element elementor-element-5e87930 elementor-section-stretched elementor-section-boxed elementor-section-height-default elementor-section-height-default\" data-id=\"5e87930\" data-element_type=\"section\" data-e-type=\"section\" data-settings=\"{&quot;background_background&quot;:&quot;classic&quot;,&quot;shape_divider_top&quot;:&quot;tilt&quot;,&quot;shape_divider_bottom&quot;:&quot;tilt&quot;,&quot;stretch_section&quot;:&quot;section-stretched&quot;}\">\n\t\t\t\t\t<div class=\"elementor-shape elementor-shape-top\" aria-hidden=\"true\" data-negative=\"false\">\n\t\t\t<svg xmlns=\"http:\/\/www.w3.org\/2000\/svg\" viewbox=\"0 0 1000 100\" preserveaspectratio=\"none\">\n\t<path class=\"elementor-shape-fill\" d=\"M0,6V0h1000v100L0,6z\"\/>\n<\/svg>\t\t<\/div>\n\t\t\t\t<div class=\"elementor-shape elementor-shape-bottom\" aria-hidden=\"true\" data-negative=\"false\">\n\t\t\t<svg xmlns=\"http:\/\/www.w3.org\/2000\/svg\" viewbox=\"0 0 1000 100\" preserveaspectratio=\"none\">\n\t<path class=\"elementor-shape-fill\" d=\"M0,6V0h1000v100L0,6z\"\/>\n<\/svg>\t\t<\/div>\n\t\t\t\t\t<div class=\"elementor-container elementor-column-gap-default\">\n\t\t\t\t\t<div class=\"elementor-column elementor-col-100 elementor-top-column elementor-element elementor-element-614d8b0\" data-id=\"614d8b0\" data-element_type=\"column\" data-e-type=\"column\">\n\t\t\t<div class=\"elementor-widget-wrap elementor-element-populated\">\n\t\t\t\t\t\t<div class=\"elementor-element elementor-element-f42776f elementor-widget elementor-widget-heading\" data-id=\"f42776f\" data-element_type=\"widget\" data-e-type=\"widget\" data-widget_type=\"heading.default\">\n\t\t\t\t<div class=\"elementor-widget-container\">\n\t\t\t\t\t<h1 class=\"elementor-heading-title elementor-size-default\">Ganhe USD$1.500<br>por indicar&gt;<br>um novo cliente&gt;<\/h1>\t\t\t\t<\/div>\n\t\t\t\t<\/div>\n\t\t\t\t\t<\/div>\n\t\t<\/div>\n\t\t\t\t\t<\/div>\n\t\t<\/section>\n\t\t\t\t<section class=\"elementor-section elementor-top-section elementor-element elementor-element-7a1ff1f elementor-section-boxed elementor-section-height-default elementor-section-height-default\" data-id=\"7a1ff1f\" data-element_type=\"section\" data-e-type=\"section\">\n\t\t\t\t\t\t<div class=\"elementor-container elementor-column-gap-default\">\n\t\t\t\t\t<div class=\"elementor-column elementor-col-66 elementor-top-column elementor-element elementor-element-ecc8d4f\" data-id=\"ecc8d4f\" data-element_type=\"column\" data-e-type=\"column\">\n\t\t\t<div class=\"elementor-widget-wrap elementor-element-populated\">\n\t\t\t\t\t\t<div class=\"elementor-element elementor-element-8e8e1a1 elementor-widget elementor-widget-text-editor\" data-id=\"8e8e1a1\" data-element_type=\"widget\" data-e-type=\"widget\" data-widget_type=\"text-editor.default\">\n\t\t\t\t<div class=\"elementor-widget-container\">\n\t\t\t\t\t\t\t\t\t<p><b>Conhece algu\u00e9m que precise de servi\u00e7os de recrutamento de profissionais de TI? Vamos fazer com que todos saiam ganhando!<\/b><\/p><p>You\u2019ve worked with us, you know our expertise in IT staffing, and you\u2019ve built strong relationships with hiring managers and project teams. Now, you can turn those connections into rewards!<\/p>\t\t\t\t\t\t\t\t<\/div>\n\t\t\t\t<\/div>\n\t\t\t\t\t<\/div>\n\t\t<\/div>\n\t\t\t\t<div class=\"elementor-column elementor-col-33 elementor-top-column elementor-element elementor-element-3f1524c\" data-id=\"3f1524c\" data-element_type=\"column\" data-e-type=\"column\">\n\t\t\t<div class=\"elementor-widget-wrap elementor-element-populated\">\n\t\t\t\t\t\t<div class=\"elementor-element elementor-element-65fec38 elementor-widget elementor-widget-image\" data-id=\"65fec38\" data-element_type=\"widget\" data-e-type=\"widget\" data-widget_type=\"image.default\">\n\t\t\t\t<div class=\"elementor-widget-container\">\n\t\t\t\t\t\t\t\t\t\t\t\t\t\t\t<img decoding=\"async\" width=\"360\" height=\"106\" src=\"https:\/\/fastdolphin.com\/wp-content\/uploads\/2026\/03\/FAST-DOLPHIN-Nearshore-dedicated-development-TEAMS-Points.png\" class=\"attachment-large size-large wp-image-18593\" alt=\"\" data-id=\"18593\" \/>\t\t\t\t\t\t\t\t\t\t\t\t\t\t\t<\/div>\n\t\t\t\t<\/div>\n\t\t\t\t\t<\/div>\n\t\t<\/div>\n\t\t\t\t\t<\/div>\n\t\t<\/section>\n\t\t\t\t<section class=\"elementor-section elementor-top-section elementor-element elementor-element-c235665 elementor-section-stretched elementor-section-boxed elementor-section-height-default elementor-section-height-default\" data-id=\"c235665\" data-element_type=\"section\" data-e-type=\"section\" data-settings=\"{&quot;background_background&quot;:&quot;classic&quot;,&quot;shape_divider_top&quot;:&quot;tilt&quot;,&quot;shape_divider_bottom&quot;:&quot;tilt&quot;,&quot;stretch_section&quot;:&quot;section-stretched&quot;}\">\n\t\t\t\t\t\t\t<div class=\"elementor-background-overlay\"><\/div>\n\t\t\t\t\t\t<div class=\"elementor-shape elementor-shape-top\" aria-hidden=\"true\" data-negative=\"false\">\n\t\t\t<svg xmlns=\"http:\/\/www.w3.org\/2000\/svg\" viewbox=\"0 0 1000 100\" preserveaspectratio=\"none\">\n\t<path class=\"elementor-shape-fill\" d=\"M0,6V0h1000v100L0,6z\"\/>\n<\/svg>\t\t<\/div>\n\t\t\t\t<div class=\"elementor-shape elementor-shape-bottom\" aria-hidden=\"true\" data-negative=\"false\">\n\t\t\t<svg xmlns=\"http:\/\/www.w3.org\/2000\/svg\" viewbox=\"0 0 1000 100\" preserveaspectratio=\"none\">\n\t<path class=\"elementor-shape-fill\" d=\"M0,6V0h1000v100L0,6z\"\/>\n<\/svg>\t\t<\/div>\n\t\t\t\t\t<div class=\"elementor-container elementor-column-gap-default\">\n\t\t\t\t\t<div class=\"elementor-column elementor-col-100 elementor-top-column elementor-element elementor-element-6aa2042\" data-id=\"6aa2042\" data-element_type=\"column\" data-e-type=\"column\">\n\t\t\t<div class=\"elementor-widget-wrap elementor-element-populated\">\n\t\t\t\t\t\t<div class=\"elementor-element elementor-element-292efaf elementor-widget elementor-widget-heading\" data-id=\"292efaf\" data-element_type=\"widget\" data-e-type=\"widget\" data-widget_type=\"heading.default\">\n\t\t\t\t<div class=\"elementor-widget-container\">\n\t\t\t\t\t<h2 class=\"elementor-heading-title elementor-size-default\">Como funciona<\/h2>\t\t\t\t<\/div>\n\t\t\t\t<\/div>\n\t\t\t\t<section class=\"elementor-section elementor-inner-section elementor-element elementor-element-94f3423 elementor-section-boxed elementor-section-height-default elementor-section-height-default\" data-id=\"94f3423\" data-element_type=\"section\" data-e-type=\"section\">\n\t\t\t\t\t\t<div class=\"elementor-container elementor-column-gap-default\">\n\t\t\t\t\t<div class=\"elementor-column elementor-col-33 elementor-inner-column elementor-element elementor-element-19fa62a\" data-id=\"19fa62a\" data-element_type=\"column\" data-e-type=\"column\">\n\t\t\t<div class=\"elementor-widget-wrap elementor-element-populated\">\n\t\t\t\t\t\t<div class=\"elementor-element elementor-element-b22cd2b elementor-widget elementor-widget-text-editor\" data-id=\"b22cd2b\" data-element_type=\"widget\" data-e-type=\"widget\" data-widget_type=\"text-editor.default\">\n\t\t\t\t<div class=\"elementor-widget-container\">\n\t\t\t\t\t\t\t\t\t<h2><span style=\"color: #ffffff;\"><b>1. Indique uma empresa<\/b><\/span><\/h2><p>Envie um e-mail para\u00a0<a href=\"mailto:sales@fastdolphin.com\" target=\"_blank\" rel=\"noopener\"><span style=\"color: #00ccff;\">sales@fastdolphin.com<\/span><\/a>\u00a0<br \/>Apresente-nos a um respons\u00e1vel pelo recrutamento, a um chefe de projetos ou a uma pessoa com poder de decis\u00e3o de uma empresa que possa se beneficiar de nossos servi\u00e7os de sele\u00e7\u00e3o de pessoal de TI. Para que a empresa atenda aos requisitos, ela n\u00e3o deve ser cliente atual da Fast Dolphin nem estar em negocia\u00e7\u00f5es ativas conosco. Confirmaremos em at\u00e9 24 horas se sua indica\u00e7\u00e3o atende aos requisitos.<\/p>\t\t\t\t\t\t\t\t<\/div>\n\t\t\t\t<\/div>\n\t\t\t\t\t<\/div>\n\t\t<\/div>\n\t\t\t\t<div class=\"elementor-column elementor-col-33 elementor-inner-column elementor-element elementor-element-3b11f0a\" data-id=\"3b11f0a\" data-element_type=\"column\" data-e-type=\"column\">\n\t\t\t<div class=\"elementor-widget-wrap elementor-element-populated\">\n\t\t\t\t\t\t<div class=\"elementor-element elementor-element-361a6d1 elementor-widget elementor-widget-text-editor\" data-id=\"361a6d1\" data-element_type=\"widget\" data-e-type=\"widget\" data-widget_type=\"text-editor.default\">\n\t\t\t\t<div class=\"elementor-widget-container\">\n\t\t\t\t\t\t\t\t\t<h2><span style=\"color: #ffffff;\"><b>2. N\u00f3s cuidamos de tudo<\/b><\/span><\/h2><p>Nossa equipe entrar\u00e1 em contato com a pessoa indicada por voc\u00ea, analisar\u00e1 suas necessidades de pessoal e fornecer\u00e1 os melhores profissionais de TI.<\/p>\t\t\t\t\t\t\t\t<\/div>\n\t\t\t\t<\/div>\n\t\t\t\t\t<\/div>\n\t\t<\/div>\n\t\t\t\t<div class=\"elementor-column elementor-col-33 elementor-inner-column elementor-element elementor-element-c0409fc\" data-id=\"c0409fc\" data-element_type=\"column\" data-e-type=\"column\">\n\t\t\t<div class=\"elementor-widget-wrap elementor-element-populated\">\n\t\t\t\t\t\t<div class=\"elementor-element elementor-element-2776510 elementor-widget elementor-widget-text-editor\" data-id=\"2776510\" data-element_type=\"widget\" data-e-type=\"widget\" data-widget_type=\"text-editor.default\">\n\t\t\t\t<div class=\"elementor-widget-container\">\n\t\t\t\t\t\t\t\t\t<h2><span style=\"color: #ffffff;\">3. Voc\u00ea recebe o pagamento<\/span><\/h2><p>Se e quando conseguirmos colocar um consultor na empresa indicada, voc\u00ea receber\u00e1 um b\u00f4nus de US$ 1.500 pela primeira coloca\u00e7\u00e3o e US$ 500 por cada coloca\u00e7\u00e3o adicional. O b\u00f4nus \u00e9 pago ap\u00f3s o consultor ter completado um m\u00eas no projeto.<\/p>\t\t\t\t\t\t\t\t<\/div>\n\t\t\t\t<\/div>\n\t\t\t\t\t<\/div>\n\t\t<\/div>\n\t\t\t\t\t<\/div>\n\t\t<\/section>\n\t\t\t\t\t<\/div>\n\t\t<\/div>\n\t\t\t\t\t<\/div>\n\t\t<\/section>\n\t\t\t\t<section class=\"elementor-section elementor-top-section elementor-element elementor-element-684a71a elementor-section-stretched elementor-section-boxed elementor-section-height-default elementor-section-height-default\" data-id=\"684a71a\" data-element_type=\"section\" data-e-type=\"section\" data-settings=\"{&quot;background_background&quot;:&quot;classic&quot;,&quot;shape_divider_top&quot;:&quot;tilt&quot;,&quot;shape_divider_bottom&quot;:&quot;tilt&quot;,&quot;stretch_section&quot;:&quot;section-stretched&quot;}\">\n\t\t\t\t\t<div class=\"elementor-shape elementor-shape-top\" aria-hidden=\"true\" data-negative=\"false\">\n\t\t\t<svg xmlns=\"http:\/\/www.w3.org\/2000\/svg\" viewbox=\"0 0 1000 100\" preserveaspectratio=\"none\">\n\t<path class=\"elementor-shape-fill\" d=\"M0,6V0h1000v100L0,6z\"\/>\n<\/svg>\t\t<\/div>\n\t\t\t\t<div class=\"elementor-shape elementor-shape-bottom\" aria-hidden=\"true\" data-negative=\"false\">\n\t\t\t<svg xmlns=\"http:\/\/www.w3.org\/2000\/svg\" viewbox=\"0 0 1000 100\" preserveaspectratio=\"none\">\n\t<path class=\"elementor-shape-fill\" d=\"M0,6V0h1000v100L0,6z\"\/>\n<\/svg>\t\t<\/div>\n\t\t\t\t\t<div class=\"elementor-container elementor-column-gap-default\">\n\t\t\t\t\t<div class=\"elementor-column elementor-col-100 elementor-top-column elementor-element elementor-element-b7147cd\" data-id=\"b7147cd\" data-element_type=\"column\" data-e-type=\"column\">\n\t\t\t<div class=\"elementor-widget-wrap elementor-element-populated\">\n\t\t\t\t\t\t<section class=\"elementor-section elementor-inner-section elementor-element elementor-element-4b7ce18 elementor-section-boxed elementor-section-height-default elementor-section-height-default\" data-id=\"4b7ce18\" data-element_type=\"section\" data-e-type=\"section\">\n\t\t\t\t\t\t<div class=\"elementor-container elementor-column-gap-default\">\n\t\t\t\t\t<div class=\"elementor-column elementor-col-50 elementor-inner-column elementor-element elementor-element-272486f\" data-id=\"272486f\" data-element_type=\"column\" data-e-type=\"column\">\n\t\t\t<div class=\"elementor-widget-wrap elementor-element-populated\">\n\t\t\t\t\t\t<div class=\"elementor-element elementor-element-f7b3ad5 elementor-widget elementor-widget-heading\" data-id=\"f7b3ad5\" data-element_type=\"widget\" data-e-type=\"widget\" data-widget_type=\"heading.default\">\n\t\t\t\t<div class=\"elementor-widget-container\">\n\t\t\t\t\t<h2 class=\"elementor-heading-title elementor-size-default\">Quem voc\u00ea pode indicar?<\/h2>\t\t\t\t<\/div>\n\t\t\t\t<\/div>\n\t\t\t\t<div class=\"elementor-element elementor-element-067556a elementor-widget elementor-widget-text-editor\" data-id=\"067556a\" data-element_type=\"widget\" data-e-type=\"widget\" data-widget_type=\"text-editor.default\">\n\t\t\t\t<div class=\"elementor-widget-container\">\n\t\t\t\t\t\t\t\t\t<p>\u2022 Tomadores de decis\u00e3o em empresas que buscam servi\u00e7os de refor\u00e7o de pessoal de TI.<br \/>\u2022 Gerentes de contrata\u00e7\u00e3o ou l\u00edderes de projeto que precisam de profissionais qualificados em TI.<br \/>\u2022 Contatos em organiza\u00e7\u00f5es que est\u00e3o ampliando suas equipes de TI para projetos.<\/p>\t\t\t\t\t\t\t\t<\/div>\n\t\t\t\t<\/div>\n\t\t\t\t<div class=\"elementor-element elementor-element-4b7f9a6 elementor-widget elementor-widget-heading\" data-id=\"4b7f9a6\" data-element_type=\"widget\" data-e-type=\"widget\" data-widget_type=\"heading.default\">\n\t\t\t\t<div class=\"elementor-widget-container\">\n\t\t\t\t\t<h2 class=\"elementor-heading-title elementor-size-default\">Por que participar?<\/h2>\t\t\t\t<\/div>\n\t\t\t\t<\/div>\n\t\t\t\t<div class=\"elementor-element elementor-element-81e1752 elementor-widget elementor-widget-text-editor\" data-id=\"81e1752\" data-element_type=\"widget\" data-e-type=\"widget\" data-widget_type=\"text-editor.default\">\n\t\t\t\t<div class=\"elementor-widget-container\">\n\t\t\t\t\t\t\t\t\t<p>\u2022\u00a0<strong>F\u00e1cil e gratificante<\/strong>\u00a0\u2013 Basta nos apresentar \u00e0 pessoa certa, e n\u00f3s cuidamos do resto.<br \/>\u2022\u00a0<strong>Apoie a sua rede<\/strong>\u00a0\u2013 Ajudar colegas e gerentes a encontrar solu\u00e7\u00f5es confi\u00e1veis de recrutamento na \u00e1rea de TI.<br \/>\u2022\u00a0<strong>Ganhos ilimitados<\/strong>\u00a0\u2013 N\u00e3o h\u00e1 limite para o n\u00famero de indica\u00e7\u00f5es que voc\u00ea pode fazer!<\/p>\t\t\t\t\t\t\t\t<\/div>\n\t\t\t\t<\/div>\n\t\t\t\t\t<\/div>\n\t\t<\/div>\n\t\t\t\t<div class=\"elementor-column elementor-col-50 elementor-inner-column elementor-element elementor-element-570e534\" data-id=\"570e534\" data-element_type=\"column\" data-e-type=\"column\">\n\t\t\t<div class=\"elementor-widget-wrap elementor-element-populated\">\n\t\t\t\t\t\t<div class=\"elementor-element elementor-element-0954985 elementor-widget elementor-widget-image\" data-id=\"0954985\" data-element_type=\"widget\" data-e-type=\"widget\" data-widget_type=\"image.default\">\n\t\t\t\t<div class=\"elementor-widget-container\">\n\t\t\t\t\t\t\t\t\t\t\t\t\t\t\t<img decoding=\"async\" width=\"360\" height=\"106\" src=\"https:\/\/fastdolphin.com\/wp-content\/uploads\/2026\/03\/FAST-DOLPHIN-Nearshore-dedicated-development-TEAMS-Points.png\" class=\"attachment-large size-large wp-image-18593\" alt=\"\" data-id=\"18593\" \/>\t\t\t\t\t\t\t\t\t\t\t\t\t\t\t<\/div>\n\t\t\t\t<\/div>\n\t\t\t\t\t<\/div>\n\t\t<\/div>\n\t\t\t\t\t<\/div>\n\t\t<\/section>\n\t\t\t\t\t<\/div>\n\t\t<\/div>\n\t\t\t\t\t<\/div>\n\t\t<\/section>\n\t\t\t\t<section class=\"elementor-section elementor-top-section elementor-element elementor-element-5194320 elementor-section-boxed elementor-section-height-default elementor-section-height-default\" data-id=\"5194320\" data-element_type=\"section\" data-e-type=\"section\">\n\t\t\t\t\t\t<div class=\"elementor-container elementor-column-gap-default\">\n\t\t\t\t\t<div class=\"elementor-column elementor-col-100 elementor-top-column elementor-element elementor-element-bcec9ac\" data-id=\"bcec9ac\" data-element_type=\"column\" data-e-type=\"column\">\n\t\t\t<div class=\"elementor-widget-wrap elementor-element-populated\">\n\t\t\t\t\t\t<div class=\"elementor-element elementor-element-e89f6cf elementor-widget elementor-widget-text-editor\" data-id=\"e89f6cf\" data-element_type=\"widget\" data-e-type=\"widget\" data-widget_type=\"text-editor.default\">\n\t\t\t\t<div class=\"elementor-widget-container\">\n\t\t\t\t\t\t\t\t\t<p>Pronto para indicar algu\u00e9m? Envie-nos um e-mail para\u00a0<b><a href=\"mailto:sales@fastdolphin.com\" target=\"_blank\" rel=\"noopener\">sales@fastdolphin.com<\/a><\/b>.<\/p><p>Vamos crescer juntos e fazer com que suas conex\u00f5es valham a pena!<\/p>\t\t\t\t\t\t\t\t<\/div>\n\t\t\t\t<\/div>\n\t\t\t\t\t<\/div>\n\t\t<\/div>\n\t\t\t\t\t<\/div>\n\t\t<\/section>\n\t\t\t\t<\/div>","protected":false},"excerpt":{"rendered":"<p>&lt;Earn $1,500for Referringa New Client!&gt; Know Someone Who Needs IT Staffing Services? Let\u2019s Make It a Win-Win! You\u2019ve worked with us, you know our expertise in IT staffing, and you\u2019ve built strong relationships with hiring managers and project teams. Now, you can turn those connections into rewards! How It Works 1. You Refer a Company [&hellip;]<\/p>\n","protected":false},"author":3,"featured_media":0,"parent":0,"menu_order":0,"comment_status":"closed","ping_status":"closed","template":"","meta":{"footnotes":""},"class_list":["post-18778","page","type-page","status-publish","hentry"],"yoast_head":"<!-- This site is optimized with the Yoast SEO plugin v27.3 - https:\/\/yoast.com\/product\/yoast-seo-wordpress\/ -->\n<title>EN Referral Program - Fast Dolphin<\/title>\n<meta name=\"robots\" content=\"index, follow, max-snippet:-1, max-image-preview:large, max-video-preview:-1\" \/>\n<link rel=\"canonical\" href=\"https:\/\/fastdolphin.com\/pt\/programa-indicacao\/\" \/>\n<meta property=\"og:locale\" content=\"pt_BR\" \/>\n<meta property=\"og:type\" content=\"article\" \/>\n<meta property=\"og:title\" content=\"EN Referral Program - Fast Dolphin\" \/>\n<meta property=\"og:description\" content=\"&lt;Earn $1,500for Referringa New Client!&gt; Know Someone Who Needs IT Staffing Services? Let\u2019s Make It a Win-Win! You\u2019ve worked with us, you know our expertise in IT staffing, and you\u2019ve built strong relationships with hiring managers and project teams. Now, you can turn those connections into rewards! How It Works 1. You Refer a Company [&hellip;]\" \/>\n<meta property=\"og:url\" content=\"https:\/\/fastdolphin.com\/pt\/programa-indicacao\/\" \/>\n<meta property=\"og:site_name\" content=\"Fast Dolphin\" \/>\n<meta property=\"article:modified_time\" content=\"2026-03-31T08:32:48+00:00\" \/>\n<meta property=\"og:image\" content=\"https:\/\/fastdolphin.com\/wp-content\/uploads\/2026\/03\/FAST-DOLPHIN-Nearshore-dedicated-development-TEAMS-Points.png\" \/>\n\t<meta property=\"og:image:width\" content=\"360\" \/>\n\t<meta property=\"og:image:height\" content=\"106\" \/>\n\t<meta property=\"og:image:type\" content=\"image\/png\" \/>\n<meta name=\"twitter:card\" content=\"summary_large_image\" \/>\n<meta name=\"twitter:label1\" content=\"Est. tempo de leitura\" \/>\n\t<meta name=\"twitter:data1\" content=\"2 minutos\" \/>\n<script type=\"application\/ld+json\" class=\"yoast-schema-graph\">{\"@context\":\"https:\\\/\\\/schema.org\",\"@graph\":[{\"@type\":\"WebPage\",\"@id\":\"https:\\\/\\\/fastdolphin.com\\\/referral-program\\\/\",\"url\":\"https:\\\/\\\/fastdolphin.com\\\/referral-program\\\/\",\"name\":\"EN Referral Program - Fast Dolphin\",\"isPartOf\":{\"@id\":\"https:\\\/\\\/fastdolphin.com\\\/#website\"},\"primaryImageOfPage\":{\"@id\":\"https:\\\/\\\/fastdolphin.com\\\/referral-program\\\/#primaryimage\"},\"image\":{\"@id\":\"https:\\\/\\\/fastdolphin.com\\\/referral-program\\\/#primaryimage\"},\"thumbnailUrl\":\"https:\\\/\\\/fastdolphin.com\\\/wp-content\\\/uploads\\\/2026\\\/03\\\/FAST-DOLPHIN-Nearshore-dedicated-development-TEAMS-Points.png\",\"datePublished\":\"2026-03-13T15:16:29+00:00\",\"dateModified\":\"2026-03-31T08:32:48+00:00\",\"breadcrumb\":{\"@id\":\"https:\\\/\\\/fastdolphin.com\\\/referral-program\\\/#breadcrumb\"},\"inLanguage\":\"pt-BR\",\"potentialAction\":[{\"@type\":\"ReadAction\",\"target\":[\"https:\\\/\\\/fastdolphin.com\\\/referral-program\\\/\"]}]},{\"@type\":\"ImageObject\",\"inLanguage\":\"pt-BR\",\"@id\":\"https:\\\/\\\/fastdolphin.com\\\/referral-program\\\/#primaryimage\",\"url\":\"https:\\\/\\\/fastdolphin.com\\\/wp-content\\\/uploads\\\/2026\\\/03\\\/FAST-DOLPHIN-Nearshore-dedicated-development-TEAMS-Points.png\",\"contentUrl\":\"https:\\\/\\\/fastdolphin.com\\\/wp-content\\\/uploads\\\/2026\\\/03\\\/FAST-DOLPHIN-Nearshore-dedicated-development-TEAMS-Points.png\"},{\"@type\":\"BreadcrumbList\",\"@id\":\"https:\\\/\\\/fastdolphin.com\\\/referral-program\\\/#breadcrumb\",\"itemListElement\":[{\"@type\":\"ListItem\",\"position\":1,\"name\":\"Portada\",\"item\":\"https:\\\/\\\/fastdolphin.com\\\/\"},{\"@type\":\"ListItem\",\"position\":2,\"name\":\"EN Referral Program\"}]},{\"@type\":\"WebSite\",\"@id\":\"https:\\\/\\\/fastdolphin.com\\\/#website\",\"url\":\"https:\\\/\\\/fastdolphin.com\\\/\",\"name\":\"Fast Dolphin\",\"description\":\"\",\"potentialAction\":[{\"@type\":\"SearchAction\",\"target\":{\"@type\":\"EntryPoint\",\"urlTemplate\":\"https:\\\/\\\/fastdolphin.com\\\/?s={search_term_string}\"},\"query-input\":{\"@type\":\"PropertyValueSpecification\",\"valueRequired\":true,\"valueName\":\"search_term_string\"}}],\"inLanguage\":\"pt-BR\"}]}<\/script>\n<!-- \/ Yoast SEO plugin. -->","yoast_head_json":{"title":"EN Referral Program - Fast Dolphin","robots":{"index":"index","follow":"follow","max-snippet":"max-snippet:-1","max-image-preview":"max-image-preview:large","max-video-preview":"max-video-preview:-1"},"canonical":"https:\/\/fastdolphin.com\/pt\/programa-indicacao\/","og_locale":"pt_BR","og_type":"article","og_title":"EN Referral Program - Fast Dolphin","og_description":"&lt;Earn $1,500for Referringa New Client!&gt; Know Someone Who Needs IT Staffing Services? Let\u2019s Make It a Win-Win! You\u2019ve worked with us, you know our expertise in IT staffing, and you\u2019ve built strong relationships with hiring managers and project teams. Now, you can turn those connections into rewards! How It Works 1. You Refer a Company [&hellip;]","og_url":"https:\/\/fastdolphin.com\/pt\/programa-indicacao\/","og_site_name":"Fast Dolphin","article_modified_time":"2026-03-31T08:32:48+00:00","og_image":[{"width":360,"height":106,"url":"https:\/\/fastdolphin.com\/wp-content\/uploads\/2026\/03\/FAST-DOLPHIN-Nearshore-dedicated-development-TEAMS-Points.png","type":"image\/png"}],"twitter_card":"summary_large_image","twitter_misc":{"Est. tempo de leitura":"2 minutos"},"schema":{"@context":"https:\/\/schema.org","@graph":[{"@type":"WebPage","@id":"https:\/\/fastdolphin.com\/referral-program\/","url":"https:\/\/fastdolphin.com\/referral-program\/","name":"EN Referral Program - Fast Dolphin","isPartOf":{"@id":"https:\/\/fastdolphin.com\/#website"},"primaryImageOfPage":{"@id":"https:\/\/fastdolphin.com\/referral-program\/#primaryimage"},"image":{"@id":"https:\/\/fastdolphin.com\/referral-program\/#primaryimage"},"thumbnailUrl":"https:\/\/fastdolphin.com\/wp-content\/uploads\/2026\/03\/FAST-DOLPHIN-Nearshore-dedicated-development-TEAMS-Points.png","datePublished":"2026-03-13T15:16:29+00:00","dateModified":"2026-03-31T08:32:48+00:00","breadcrumb":{"@id":"https:\/\/fastdolphin.com\/referral-program\/#breadcrumb"},"inLanguage":"pt-BR","potentialAction":[{"@type":"ReadAction","target":["https:\/\/fastdolphin.com\/referral-program\/"]}]},{"@type":"ImageObject","inLanguage":"pt-BR","@id":"https:\/\/fastdolphin.com\/referral-program\/#primaryimage","url":"https:\/\/fastdolphin.com\/wp-content\/uploads\/2026\/03\/FAST-DOLPHIN-Nearshore-dedicated-development-TEAMS-Points.png","contentUrl":"https:\/\/fastdolphin.com\/wp-content\/uploads\/2026\/03\/FAST-DOLPHIN-Nearshore-dedicated-development-TEAMS-Points.png"},{"@type":"BreadcrumbList","@id":"https:\/\/fastdolphin.com\/referral-program\/#breadcrumb","itemListElement":[{"@type":"ListItem","position":1,"name":"Portada","item":"https:\/\/fastdolphin.com\/"},{"@type":"ListItem","position":2,"name":"EN Referral Program"}]},{"@type":"WebSite","@id":"https:\/\/fastdolphin.com\/#website","url":"https:\/\/fastdolphin.com\/","name":"Fast Dolphin","description":"","potentialAction":[{"@type":"SearchAction","target":{"@type":"EntryPoint","urlTemplate":"https:\/\/fastdolphin.com\/?s={search_term_string}"},"query-input":{"@type":"PropertyValueSpecification","valueRequired":true,"valueName":"search_term_string"}}],"inLanguage":"pt-BR"}]}},"_links":{"self":[{"href":"https:\/\/fastdolphin.com\/pt\/wp-json\/wp\/v2\/pages\/18778","targetHints":{"allow":["GET"]}}],"collection":[{"href":"https:\/\/fastdolphin.com\/pt\/wp-json\/wp\/v2\/pages"}],"about":[{"href":"https:\/\/fastdolphin.com\/pt\/wp-json\/wp\/v2\/types\/page"}],"author":[{"embeddable":true,"href":"https:\/\/fastdolphin.com\/pt\/wp-json\/wp\/v2\/users\/3"}],"replies":[{"embeddable":true,"href":"https:\/\/fastdolphin.com\/pt\/wp-json\/wp\/v2\/comments?post=18778"}],"version-history":[{"count":0,"href":"https:\/\/fastdolphin.com\/pt\/wp-json\/wp\/v2\/pages\/18778\/revisions"}],"wp:attachment":[{"href":"https:\/\/fastdolphin.com\/pt\/wp-json\/wp\/v2\/media?parent=18778"}],"curies":[{"name":"wp","href":"https:\/\/api.w.org\/{rel}","templated":true}]}}