{"id":18888,"date":"2026-03-13T10:06:23","date_gmt":"2026-03-13T16:06:23","guid":{"rendered":"https:\/\/fastdolphin.com\/?page_id=18888"},"modified":"2026-04-08T19:50:59","modified_gmt":"2026-04-09T01:50:59","slug":"compromisso-social","status":"publish","type":"page","link":"https:\/\/fastdolphin.com\/pt\/compromisso-social\/","title":{"rendered":"EN Social Commitment"},"content":{"rendered":"<div data-elementor-type=\"wp-page\" data-elementor-id=\"18888\" class=\"elementor elementor-18888\" data-elementor-post-type=\"page\">\n\t\t\t\t\t\t<section class=\"elementor-section elementor-top-section elementor-element elementor-element-7437c31 elementor-section-stretched elementor-section-boxed elementor-section-height-default elementor-section-height-default\" data-id=\"7437c31\" data-element_type=\"section\" data-e-type=\"section\" data-settings=\"{&quot;background_background&quot;:&quot;classic&quot;,&quot;shape_divider_top&quot;:&quot;tilt&quot;,&quot;shape_divider_bottom&quot;:&quot;tilt&quot;,&quot;stretch_section&quot;:&quot;section-stretched&quot;}\">\n\t\t\t\t\t<div class=\"elementor-shape elementor-shape-top\" aria-hidden=\"true\" data-negative=\"false\">\n\t\t\t<svg xmlns=\"http:\/\/www.w3.org\/2000\/svg\" viewbox=\"0 0 1000 100\" preserveaspectratio=\"none\">\n\t<path class=\"elementor-shape-fill\" d=\"M0,6V0h1000v100L0,6z\"\/>\n<\/svg>\t\t<\/div>\n\t\t\t\t<div class=\"elementor-shape elementor-shape-bottom\" aria-hidden=\"true\" data-negative=\"false\">\n\t\t\t<svg xmlns=\"http:\/\/www.w3.org\/2000\/svg\" viewbox=\"0 0 1000 100\" preserveaspectratio=\"none\">\n\t<path class=\"elementor-shape-fill\" d=\"M0,6V0h1000v100L0,6z\"\/>\n<\/svg>\t\t<\/div>\n\t\t\t\t\t<div class=\"elementor-container elementor-column-gap-default\">\n\t\t\t\t\t<div class=\"elementor-column elementor-col-100 elementor-top-column elementor-element elementor-element-c38125c\" data-id=\"c38125c\" data-element_type=\"column\" data-e-type=\"column\">\n\t\t\t<div class=\"elementor-widget-wrap elementor-element-populated\">\n\t\t\t\t\t\t<div class=\"elementor-element elementor-element-301d39b elementor-widget elementor-widget-heading\" data-id=\"301d39b\" data-element_type=\"widget\" data-e-type=\"widget\" data-widget_type=\"heading.default\">\n\t\t\t\t<div class=\"elementor-widget-container\">\n\t\t\t\t\t<h1 class=\"elementor-heading-title elementor-size-default\">Compromisso SOCIAL<\/h1>\t\t\t\t<\/div>\n\t\t\t\t<\/div>\n\t\t\t\t\t<\/div>\n\t\t<\/div>\n\t\t\t\t\t<\/div>\n\t\t<\/section>\n\t\t\t\t<section class=\"elementor-section elementor-top-section elementor-element elementor-element-f959c37 elementor-section-boxed elementor-section-height-default elementor-section-height-default\" data-id=\"f959c37\" data-element_type=\"section\" data-e-type=\"section\">\n\t\t\t\t\t\t<div class=\"elementor-container elementor-column-gap-default\">\n\t\t\t\t\t<div class=\"elementor-column elementor-col-33 elementor-top-column elementor-element elementor-element-9556b81\" data-id=\"9556b81\" data-element_type=\"column\" data-e-type=\"column\">\n\t\t\t<div class=\"elementor-widget-wrap elementor-element-populated\">\n\t\t\t\t\t\t<div class=\"elementor-element elementor-element-c463e63 elementor-widget elementor-widget-image\" data-id=\"c463e63\" data-element_type=\"widget\" data-e-type=\"widget\" data-widget_type=\"image.default\">\n\t\t\t\t<div class=\"elementor-widget-container\">\n\t\t\t\t\t\t\t\t\t\t\t\t\t\t\t<img fetchpriority=\"high\" decoding=\"async\" width=\"323\" height=\"323\" src=\"https:\/\/fastdolphin.com\/wp-content\/uploads\/2026\/03\/FAST-DOLPHIN-Social-Commitment-Sustainable-Development.png\" class=\"attachment-large size-large wp-image-18899\" alt=\"\" data-id=\"18899\" \/>\t\t\t\t\t\t\t\t\t\t\t\t\t\t\t<\/div>\n\t\t\t\t<\/div>\n\t\t\t\t\t<\/div>\n\t\t<\/div>\n\t\t\t\t<div class=\"elementor-column elementor-col-66 elementor-top-column elementor-element elementor-element-c7436bd\" data-id=\"c7436bd\" data-element_type=\"column\" data-e-type=\"column\">\n\t\t\t<div class=\"elementor-widget-wrap elementor-element-populated\">\n\t\t\t\t\t\t<div class=\"elementor-element elementor-element-77c7a91 elementor-widget elementor-widget-heading\" data-id=\"77c7a91\" data-element_type=\"widget\" data-e-type=\"widget\" data-widget_type=\"heading.default\">\n\t\t\t\t<div class=\"elementor-widget-container\">\n\t\t\t\t\t<h2 class=\"elementor-heading-title elementor-size-default\">Talent changing the world<\/h2>\t\t\t\t<\/div>\n\t\t\t\t<\/div>\n\t\t\t\t<div class=\"elementor-element elementor-element-c2dbbaa elementor-widget elementor-widget-text-editor\" data-id=\"c2dbbaa\" data-element_type=\"widget\" data-e-type=\"widget\" data-widget_type=\"text-editor.default\">\n\t\t\t\t<div class=\"elementor-widget-container\">\n\t\t\t\t\t\t\t\t\t<p>A forma como trabalhamos juntos \u00e9 t\u00e3o importante quanto o trabalho que realizamos. Impulsionados pela nossa cultura, trabalhamos em prol da sociedade. Nossa vis\u00e3o compreende e reconhece a contribui\u00e7\u00e3o que precisamos dar para fazer uma diferen\u00e7a significativa no desenvolvimento sustent\u00e1vel do mundo.<\/p>\t\t\t\t\t\t\t\t<\/div>\n\t\t\t\t<\/div>\n\t\t\t\t\t<\/div>\n\t\t<\/div>\n\t\t\t\t\t<\/div>\n\t\t<\/section>\n\t\t\t\t<section class=\"elementor-section elementor-top-section elementor-element elementor-element-bf6858d elementor-section-stretched elementor-section-boxed elementor-section-height-default elementor-section-height-default\" data-id=\"bf6858d\" data-element_type=\"section\" data-e-type=\"section\" data-settings=\"{&quot;background_background&quot;:&quot;classic&quot;,&quot;shape_divider_top&quot;:&quot;tilt&quot;,&quot;shape_divider_bottom&quot;:&quot;tilt&quot;,&quot;stretch_section&quot;:&quot;section-stretched&quot;}\">\n\t\t\t\t\t<div class=\"elementor-shape elementor-shape-top\" aria-hidden=\"true\" data-negative=\"false\">\n\t\t\t<svg xmlns=\"http:\/\/www.w3.org\/2000\/svg\" viewbox=\"0 0 1000 100\" preserveaspectratio=\"none\">\n\t<path class=\"elementor-shape-fill\" d=\"M0,6V0h1000v100L0,6z\"\/>\n<\/svg>\t\t<\/div>\n\t\t\t\t<div class=\"elementor-shape elementor-shape-bottom\" aria-hidden=\"true\" data-negative=\"false\">\n\t\t\t<svg xmlns=\"http:\/\/www.w3.org\/2000\/svg\" viewbox=\"0 0 1000 100\" preserveaspectratio=\"none\">\n\t<path class=\"elementor-shape-fill\" d=\"M0,6V0h1000v100L0,6z\"\/>\n<\/svg>\t\t<\/div>\n\t\t\t\t\t<div class=\"elementor-container elementor-column-gap-default\">\n\t\t\t\t\t<div class=\"elementor-column elementor-col-100 elementor-top-column elementor-element elementor-element-588317f\" data-id=\"588317f\" data-element_type=\"column\" data-e-type=\"column\">\n\t\t\t<div class=\"elementor-widget-wrap elementor-element-populated\">\n\t\t\t\t\t\t<div class=\"elementor-element elementor-element-d8de968 elementor-widget elementor-widget-heading\" data-id=\"d8de968\" data-element_type=\"widget\" data-e-type=\"widget\" data-widget_type=\"heading.default\">\n\t\t\t\t<div class=\"elementor-widget-container\">\n\t\t\t\t\t<h2 class=\"elementor-heading-title elementor-size-default\">Na Fast Dolphin, assumimos voluntariamente certos compromissos \u00e9ticos e sociais que v\u00e3o al\u00e9m das obriga\u00e7\u00f5es legais. Ao mesmo tempo, desenvolvemos planos estrat\u00e9gicos para a opera\u00e7\u00e3o da empresa que baseiam seus esfor\u00e7os no equil\u00edbrio entre as tr\u00eas esferas de valor, colocando em primeiro lugar os interesses de todas as partes interessadas|<\/h2>\t\t\t\t<\/div>\n\t\t\t\t<\/div>\n\t\t\t\t\t<\/div>\n\t\t<\/div>\n\t\t\t\t\t<\/div>\n\t\t<\/section>\n\t\t\t\t<section class=\"elementor-section elementor-top-section elementor-element elementor-element-11d3fab elementor-section-stretched elementor-section-boxed elementor-section-height-default elementor-section-height-default\" data-id=\"11d3fab\" data-element_type=\"section\" data-e-type=\"section\" data-settings=\"{&quot;background_background&quot;:&quot;classic&quot;,&quot;stretch_section&quot;:&quot;section-stretched&quot;}\">\n\t\t\t\t\t\t\t<div class=\"elementor-background-overlay\"><\/div>\n\t\t\t\t\t\t\t<div class=\"elementor-container elementor-column-gap-default\">\n\t\t\t\t\t<div class=\"elementor-column elementor-col-100 elementor-top-column elementor-element elementor-element-b6b7bbc\" data-id=\"b6b7bbc\" data-element_type=\"column\" data-e-type=\"column\">\n\t\t\t<div class=\"elementor-widget-wrap elementor-element-populated\">\n\t\t\t\t\t\t<div class=\"elementor-element elementor-element-5ef8d15 elementor-widget elementor-widget-heading\" data-id=\"5ef8d15\" data-element_type=\"widget\" data-e-type=\"widget\" data-widget_type=\"heading.default\">\n\t\t\t\t<div class=\"elementor-widget-container\">\n\t\t\t\t\t<h2 class=\"elementor-heading-title elementor-size-default\">Assumimos consistentemente tr\u00eas grandes compromissos<\/h2>\t\t\t\t<\/div>\n\t\t\t\t<\/div>\n\t\t\t\t<section class=\"elementor-section elementor-inner-section elementor-element elementor-element-4946314 elementor-section-boxed elementor-section-height-default elementor-section-height-default\" data-id=\"4946314\" data-element_type=\"section\" data-e-type=\"section\">\n\t\t\t\t\t\t<div class=\"elementor-container elementor-column-gap-default\">\n\t\t\t\t\t<div class=\"elementor-column elementor-col-50 elementor-inner-column elementor-element elementor-element-6b962dc\" data-id=\"6b962dc\" data-element_type=\"column\" data-e-type=\"column\">\n\t\t\t<div class=\"elementor-widget-wrap elementor-element-populated\">\n\t\t\t\t\t\t<div class=\"elementor-element elementor-element-998a42f elementor-widget elementor-widget-image\" data-id=\"998a42f\" data-element_type=\"widget\" data-e-type=\"widget\" data-widget_type=\"image.default\">\n\t\t\t\t<div class=\"elementor-widget-container\">\n\t\t\t\t\t\t\t\t\t\t\t\t\t\t\t<img decoding=\"async\" width=\"130\" height=\"130\" src=\"https:\/\/fastdolphin.com\/wp-content\/uploads\/2026\/03\/FAST-DOLPHIN-Social-Commitment-ODS-8-1.png\" class=\"attachment-large size-large wp-image-18935\" alt=\"\" data-id=\"18935\" \/>\t\t\t\t\t\t\t\t\t\t\t\t\t\t\t<\/div>\n\t\t\t\t<\/div>\n\t\t\t\t\t<\/div>\n\t\t<\/div>\n\t\t\t\t<div class=\"elementor-column elementor-col-50 elementor-inner-column elementor-element elementor-element-b6a8e48\" data-id=\"b6a8e48\" data-element_type=\"column\" data-e-type=\"column\">\n\t\t\t<div class=\"elementor-widget-wrap elementor-element-populated\">\n\t\t\t\t\t\t<div class=\"elementor-element elementor-element-67f490c elementor-align-left elementor-widget elementor-widget-button\" data-id=\"67f490c\" data-element_type=\"widget\" data-e-type=\"widget\" data-widget_type=\"button.default\">\n\t\t\t\t<div class=\"elementor-widget-container\">\n\t\t\t\t\t\t\t\t\t<div class=\"elementor-button-wrapper\">\n\t\t\t\t\t<a class=\"elementor-button elementor-button-link elementor-size-sm\" href=\"https:\/\/www.un.org\/sustainabledevelopment\/economic-growth\/\">\n\t\t\t\t\t\t<span class=\"elementor-button-content-wrapper\">\n\t\t\t\t\t\t\t\t\t<span class=\"elementor-button-text\">Trabalho digno e crescimento econ\u00f4mico<\/span>\n\t\t\t\t\t<\/span>\n\t\t\t\t\t<\/a>\n\t\t\t\t<\/div>\n\t\t\t\t\t\t\t\t<\/div>\n\t\t\t\t<\/div>\n\t\t\t\t<div class=\"elementor-element elementor-element-791f715 elementor-widget elementor-widget-text-editor\" data-id=\"791f715\" data-element_type=\"widget\" data-e-type=\"widget\" data-widget_type=\"text-editor.default\">\n\t\t\t\t<div class=\"elementor-widget-container\">\n\t\t\t\t\t\t\t\t\t<p>Um crescimento econ\u00f4mico sustent\u00e1vel e inclusivo pode impulsionar o progresso, criar empregos de qualidade para todos e melhorar o padr\u00e3o de vida.<\/p>\t\t\t\t\t\t\t\t<\/div>\n\t\t\t\t<\/div>\n\t\t\t\t\t<\/div>\n\t\t<\/div>\n\t\t\t\t\t<\/div>\n\t\t<\/section>\n\t\t\t\t<section class=\"elementor-section elementor-inner-section elementor-element elementor-element-902ec78 elementor-section-boxed elementor-section-height-default elementor-section-height-default\" data-id=\"902ec78\" data-element_type=\"section\" data-e-type=\"section\">\n\t\t\t\t\t\t<div class=\"elementor-container elementor-column-gap-default\">\n\t\t\t\t\t<div class=\"elementor-column elementor-col-50 elementor-inner-column elementor-element elementor-element-422af86\" data-id=\"422af86\" data-element_type=\"column\" data-e-type=\"column\">\n\t\t\t<div class=\"elementor-widget-wrap elementor-element-populated\">\n\t\t\t\t\t\t<div class=\"elementor-element elementor-element-24c2032 elementor-widget elementor-widget-image\" data-id=\"24c2032\" data-element_type=\"widget\" data-e-type=\"widget\" data-widget_type=\"image.default\">\n\t\t\t\t<div class=\"elementor-widget-container\">\n\t\t\t\t\t\t\t\t\t\t\t\t\t\t\t<img decoding=\"async\" width=\"128\" height=\"129\" src=\"https:\/\/fastdolphin.com\/wp-content\/uploads\/2026\/03\/FAST-DOLPHIN-Social-Commitment-ODS-10.png\" class=\"attachment-large size-large wp-image-18942\" alt=\"\" data-id=\"18942\" \/>\t\t\t\t\t\t\t\t\t\t\t\t\t\t\t<\/div>\n\t\t\t\t<\/div>\n\t\t\t\t\t<\/div>\n\t\t<\/div>\n\t\t\t\t<div class=\"elementor-column elementor-col-50 elementor-inner-column elementor-element elementor-element-2bc994f\" data-id=\"2bc994f\" data-element_type=\"column\" data-e-type=\"column\">\n\t\t\t<div class=\"elementor-widget-wrap elementor-element-populated\">\n\t\t\t\t\t\t<div class=\"elementor-element elementor-element-78c7396 elementor-align-left elementor-widget elementor-widget-button\" data-id=\"78c7396\" data-element_type=\"widget\" data-e-type=\"widget\" data-widget_type=\"button.default\">\n\t\t\t\t<div class=\"elementor-widget-container\">\n\t\t\t\t\t\t\t\t\t<div class=\"elementor-button-wrapper\">\n\t\t\t\t\t<a class=\"elementor-button elementor-button-link elementor-size-sm\" href=\"https:\/\/www.un.org\/sustainabledevelopment\/inequality\/\">\n\t\t\t\t\t\t<span class=\"elementor-button-content-wrapper\">\n\t\t\t\t\t\t\t\t\t<span class=\"elementor-button-text\">Reduzir a desigualdade<\/span>\n\t\t\t\t\t<\/span>\n\t\t\t\t\t<\/a>\n\t\t\t\t<\/div>\n\t\t\t\t\t\t\t\t<\/div>\n\t\t\t\t<\/div>\n\t\t\t\t<div class=\"elementor-element elementor-element-c1e16d2 elementor-widget elementor-widget-text-editor\" data-id=\"c1e16d2\" data-element_type=\"widget\" data-e-type=\"widget\" data-widget_type=\"text-editor.default\">\n\t\t\t\t<div class=\"elementor-widget-container\">\n\t\t\t\t\t\t\t\t\t<p>A diversidade \u00e9 um trunfo, e \u00e9 por isso que nos comprometemos a garantir a inclus\u00e3o e a equidade em todos os n\u00edveis. Contratamos profissionais de diferentes pa\u00edses com condi\u00e7\u00f5es salariais iguais para reduzir a disparidade entre pa\u00edses e garantir que ningu\u00e9m fique para tr\u00e1s.<\/p>\t\t\t\t\t\t\t\t<\/div>\n\t\t\t\t<\/div>\n\t\t\t\t\t<\/div>\n\t\t<\/div>\n\t\t\t\t\t<\/div>\n\t\t<\/section>\n\t\t\t\t<section class=\"elementor-section elementor-inner-section elementor-element elementor-element-0fcf37e elementor-section-boxed elementor-section-height-default elementor-section-height-default\" data-id=\"0fcf37e\" data-element_type=\"section\" data-e-type=\"section\">\n\t\t\t\t\t\t<div class=\"elementor-container elementor-column-gap-default\">\n\t\t\t\t\t<div class=\"elementor-column elementor-col-50 elementor-inner-column elementor-element elementor-element-d109b2a\" data-id=\"d109b2a\" data-element_type=\"column\" data-e-type=\"column\">\n\t\t\t<div class=\"elementor-widget-wrap elementor-element-populated\">\n\t\t\t\t\t\t<div class=\"elementor-element elementor-element-8341158 elementor-widget elementor-widget-image\" data-id=\"8341158\" data-element_type=\"widget\" data-e-type=\"widget\" data-widget_type=\"image.default\">\n\t\t\t\t<div class=\"elementor-widget-container\">\n\t\t\t\t\t\t\t\t\t\t\t\t\t\t\t<img loading=\"lazy\" decoding=\"async\" width=\"128\" height=\"129\" src=\"https:\/\/fastdolphin.com\/wp-content\/uploads\/2026\/03\/FAST-DOLPHIN-Social-Commitment-ODS-17.png\" class=\"attachment-large size-large wp-image-18943\" alt=\"\" data-id=\"18943\" \/>\t\t\t\t\t\t\t\t\t\t\t\t\t\t\t<\/div>\n\t\t\t\t<\/div>\n\t\t\t\t\t<\/div>\n\t\t<\/div>\n\t\t\t\t<div class=\"elementor-column elementor-col-50 elementor-inner-column elementor-element elementor-element-b5a6fa0\" data-id=\"b5a6fa0\" data-element_type=\"column\" data-e-type=\"column\">\n\t\t\t<div class=\"elementor-widget-wrap elementor-element-populated\">\n\t\t\t\t\t\t<div class=\"elementor-element elementor-element-14c9784 elementor-align-left elementor-widget elementor-widget-button\" data-id=\"14c9784\" data-element_type=\"widget\" data-e-type=\"widget\" data-widget_type=\"button.default\">\n\t\t\t\t<div class=\"elementor-widget-container\">\n\t\t\t\t\t\t\t\t\t<div class=\"elementor-button-wrapper\">\n\t\t\t\t\t<a class=\"elementor-button elementor-button-link elementor-size-sm\" href=\"https:\/\/www.un.org\/sustainabledevelopment\/globalpartnerships\/\">\n\t\t\t\t\t\t<span class=\"elementor-button-content-wrapper\">\n\t\t\t\t\t\t\t\t\t<span class=\"elementor-button-text\">Parcerias para alcan\u00e7ar os objetivos<\/span>\n\t\t\t\t\t<\/span>\n\t\t\t\t\t<\/a>\n\t\t\t\t<\/div>\n\t\t\t\t\t\t\t\t<\/div>\n\t\t\t\t<\/div>\n\t\t\t\t<div class=\"elementor-element elementor-element-59fa63f elementor-widget elementor-widget-text-editor\" data-id=\"59fa63f\" data-element_type=\"widget\" data-e-type=\"widget\" data-widget_type=\"text-editor.default\">\n\t\t\t\t<div class=\"elementor-widget-container\">\n\t\t\t\t\t\t\t\t\t<p>As alian\u00e7as inclusivas (em n\u00edvel mundial, regional, nacional e local) baseiam-se em princ\u00edpios e valores, bem como em uma vis\u00e3o e objetivos comuns centrados nas pessoas e no planeta.<\/p>\t\t\t\t\t\t\t\t<\/div>\n\t\t\t\t<\/div>\n\t\t\t\t\t<\/div>\n\t\t<\/div>\n\t\t\t\t\t<\/div>\n\t\t<\/section>\n\t\t\t\t\t<\/div>\n\t\t<\/div>\n\t\t\t\t\t<\/div>\n\t\t<\/section>\n\t\t\t\t<\/div>","protected":false},"excerpt":{"rendered":"<p>&lt;Social COMMITMENT&gt; Talent changing the world The way we work together is as important as the work we do. Driven by our culture, we work for the benefit of society. Our vision understands and accepts the contribution we need to make to provide a remarkable difference in the sustainable development of the world. At Fast [&hellip;]<\/p>\n","protected":false},"author":3,"featured_media":0,"parent":0,"menu_order":0,"comment_status":"closed","ping_status":"closed","template":"","meta":{"footnotes":""},"class_list":["post-18888","page","type-page","status-publish","hentry"],"yoast_head":"<!-- This site is optimized with the Yoast SEO plugin v27.3 - https:\/\/yoast.com\/product\/yoast-seo-wordpress\/ -->\n<title>EN Social Commitment - Fast Dolphin<\/title>\n<meta name=\"robots\" content=\"index, follow, max-snippet:-1, max-image-preview:large, max-video-preview:-1\" \/>\n<link rel=\"canonical\" href=\"https:\/\/fastdolphin.com\/pt\/compromisso-social\/\" \/>\n<meta property=\"og:locale\" content=\"pt_BR\" \/>\n<meta property=\"og:type\" content=\"article\" \/>\n<meta property=\"og:title\" content=\"EN Social Commitment - Fast Dolphin\" \/>\n<meta property=\"og:description\" content=\"&lt;Social COMMITMENT&gt; Talent changing the world The way we work together is as important as the work we do. Driven by our culture, we work for the benefit of society. Our vision understands and accepts the contribution we need to make to provide a remarkable difference in the sustainable development of the world. At Fast [&hellip;]\" \/>\n<meta property=\"og:url\" content=\"https:\/\/fastdolphin.com\/pt\/compromisso-social\/\" \/>\n<meta property=\"og:site_name\" content=\"Fast Dolphin\" \/>\n<meta property=\"article:modified_time\" content=\"2026-04-09T01:50:59+00:00\" \/>\n<meta property=\"og:image\" content=\"https:\/\/fastdolphin.com\/wp-content\/uploads\/2026\/03\/FAST-DOLPHIN-Social-Commitment-Sustainable-Development.png\" \/>\n\t<meta property=\"og:image:width\" content=\"323\" \/>\n\t<meta property=\"og:image:height\" content=\"323\" \/>\n\t<meta property=\"og:image:type\" content=\"image\/png\" \/>\n<meta name=\"twitter:card\" content=\"summary_large_image\" \/>\n<meta name=\"twitter:label1\" content=\"Est. tempo de leitura\" \/>\n\t<meta name=\"twitter:data1\" content=\"2 minutos\" \/>\n<script type=\"application\/ld+json\" class=\"yoast-schema-graph\">{\"@context\":\"https:\\\/\\\/schema.org\",\"@graph\":[{\"@type\":\"WebPage\",\"@id\":\"https:\\\/\\\/fastdolphin.com\\\/social-commitment\\\/\",\"url\":\"https:\\\/\\\/fastdolphin.com\\\/social-commitment\\\/\",\"name\":\"EN Social Commitment - Fast Dolphin\",\"isPartOf\":{\"@id\":\"https:\\\/\\\/fastdolphin.com\\\/#website\"},\"primaryImageOfPage\":{\"@id\":\"https:\\\/\\\/fastdolphin.com\\\/social-commitment\\\/#primaryimage\"},\"image\":{\"@id\":\"https:\\\/\\\/fastdolphin.com\\\/social-commitment\\\/#primaryimage\"},\"thumbnailUrl\":\"https:\\\/\\\/fastdolphin.com\\\/wp-content\\\/uploads\\\/2026\\\/03\\\/FAST-DOLPHIN-Social-Commitment-Sustainable-Development.png\",\"datePublished\":\"2026-03-13T16:06:23+00:00\",\"dateModified\":\"2026-04-09T01:50:59+00:00\",\"breadcrumb\":{\"@id\":\"https:\\\/\\\/fastdolphin.com\\\/social-commitment\\\/#breadcrumb\"},\"inLanguage\":\"pt-BR\",\"potentialAction\":[{\"@type\":\"ReadAction\",\"target\":[\"https:\\\/\\\/fastdolphin.com\\\/social-commitment\\\/\"]}]},{\"@type\":\"ImageObject\",\"inLanguage\":\"pt-BR\",\"@id\":\"https:\\\/\\\/fastdolphin.com\\\/social-commitment\\\/#primaryimage\",\"url\":\"https:\\\/\\\/fastdolphin.com\\\/wp-content\\\/uploads\\\/2026\\\/03\\\/FAST-DOLPHIN-Social-Commitment-Sustainable-Development.png\",\"contentUrl\":\"https:\\\/\\\/fastdolphin.com\\\/wp-content\\\/uploads\\\/2026\\\/03\\\/FAST-DOLPHIN-Social-Commitment-Sustainable-Development.png\"},{\"@type\":\"WebSite\",\"@id\":\"https:\\\/\\\/fastdolphin.com\\\/#website\",\"url\":\"https:\\\/\\\/fastdolphin.com\\\/\",\"name\":\"Fast Dolphin\",\"description\":\"\",\"potentialAction\":[{\"@type\":\"SearchAction\",\"target\":{\"@type\":\"EntryPoint\",\"urlTemplate\":\"https:\\\/\\\/fastdolphin.com\\\/?s={search_term_string}\"},\"query-input\":{\"@type\":\"PropertyValueSpecification\",\"valueRequired\":true,\"valueName\":\"search_term_string\"}}],\"inLanguage\":\"pt-BR\"}]}<\/script>\n<!-- \/ Yoast SEO plugin. -->","yoast_head_json":{"title":"EN Social Commitment - Fast Dolphin","robots":{"index":"index","follow":"follow","max-snippet":"max-snippet:-1","max-image-preview":"max-image-preview:large","max-video-preview":"max-video-preview:-1"},"canonical":"https:\/\/fastdolphin.com\/pt\/compromisso-social\/","og_locale":"pt_BR","og_type":"article","og_title":"EN Social Commitment - Fast Dolphin","og_description":"&lt;Social COMMITMENT&gt; Talent changing the world The way we work together is as important as the work we do. Driven by our culture, we work for the benefit of society. Our vision understands and accepts the contribution we need to make to provide a remarkable difference in the sustainable development of the world. At Fast [&hellip;]","og_url":"https:\/\/fastdolphin.com\/pt\/compromisso-social\/","og_site_name":"Fast Dolphin","article_modified_time":"2026-04-09T01:50:59+00:00","og_image":[{"width":323,"height":323,"url":"https:\/\/fastdolphin.com\/wp-content\/uploads\/2026\/03\/FAST-DOLPHIN-Social-Commitment-Sustainable-Development.png","type":"image\/png"}],"twitter_card":"summary_large_image","twitter_misc":{"Est. tempo de leitura":"2 minutos"},"schema":{"@context":"https:\/\/schema.org","@graph":[{"@type":"WebPage","@id":"https:\/\/fastdolphin.com\/social-commitment\/","url":"https:\/\/fastdolphin.com\/social-commitment\/","name":"EN Social Commitment - Fast Dolphin","isPartOf":{"@id":"https:\/\/fastdolphin.com\/#website"},"primaryImageOfPage":{"@id":"https:\/\/fastdolphin.com\/social-commitment\/#primaryimage"},"image":{"@id":"https:\/\/fastdolphin.com\/social-commitment\/#primaryimage"},"thumbnailUrl":"https:\/\/fastdolphin.com\/wp-content\/uploads\/2026\/03\/FAST-DOLPHIN-Social-Commitment-Sustainable-Development.png","datePublished":"2026-03-13T16:06:23+00:00","dateModified":"2026-04-09T01:50:59+00:00","breadcrumb":{"@id":"https:\/\/fastdolphin.com\/social-commitment\/#breadcrumb"},"inLanguage":"pt-BR","potentialAction":[{"@type":"ReadAction","target":["https:\/\/fastdolphin.com\/social-commitment\/"]}]},{"@type":"ImageObject","inLanguage":"pt-BR","@id":"https:\/\/fastdolphin.com\/social-commitment\/#primaryimage","url":"https:\/\/fastdolphin.com\/wp-content\/uploads\/2026\/03\/FAST-DOLPHIN-Social-Commitment-Sustainable-Development.png","contentUrl":"https:\/\/fastdolphin.com\/wp-content\/uploads\/2026\/03\/FAST-DOLPHIN-Social-Commitment-Sustainable-Development.png"},{"@type":"WebSite","@id":"https:\/\/fastdolphin.com\/#website","url":"https:\/\/fastdolphin.com\/","name":"Fast Dolphin","description":"","potentialAction":[{"@type":"SearchAction","target":{"@type":"EntryPoint","urlTemplate":"https:\/\/fastdolphin.com\/?s={search_term_string}"},"query-input":{"@type":"PropertyValueSpecification","valueRequired":true,"valueName":"search_term_string"}}],"inLanguage":"pt-BR"}]}},"_links":{"self":[{"href":"https:\/\/fastdolphin.com\/pt\/wp-json\/wp\/v2\/pages\/18888","targetHints":{"allow":["GET"]}}],"collection":[{"href":"https:\/\/fastdolphin.com\/pt\/wp-json\/wp\/v2\/pages"}],"about":[{"href":"https:\/\/fastdolphin.com\/pt\/wp-json\/wp\/v2\/types\/page"}],"author":[{"embeddable":true,"href":"https:\/\/fastdolphin.com\/pt\/wp-json\/wp\/v2\/users\/3"}],"replies":[{"embeddable":true,"href":"https:\/\/fastdolphin.com\/pt\/wp-json\/wp\/v2\/comments?post=18888"}],"version-history":[{"count":3,"href":"https:\/\/fastdolphin.com\/pt\/wp-json\/wp\/v2\/pages\/18888\/revisions"}],"predecessor-version":[{"id":20853,"href":"https:\/\/fastdolphin.com\/pt\/wp-json\/wp\/v2\/pages\/18888\/revisions\/20853"}],"wp:attachment":[{"href":"https:\/\/fastdolphin.com\/pt\/wp-json\/wp\/v2\/media?parent=18888"}],"curies":[{"name":"wp","href":"https:\/\/api.w.org\/{rel}","templated":true}]}}